{"id":16469,"date":"2024-01-30T15:22:23","date_gmt":"2024-01-30T15:22:23","guid":{"rendered":"https:\/\/selectid.net\/spanish-properties-rayco\/"},"modified":"2024-06-05T17:21:26","modified_gmt":"2024-06-05T17:21:26","slug":"spanische-immobilien-rayco","status":"publish","type":"page","link":"https:\/\/selectid.net\/de\/spanische-immobilien-rayco\/","title":{"rendered":"Spanische Immobilien Rayco"},"content":{"rendered":"<div data-elementor-type=\"wp-page\" data-elementor-id=\"16469\" class=\"elementor elementor-16469\" data-elementor-post-type=\"page\">\n\t\t\t\t\t\t<section class=\"elementor-section elementor-top-section elementor-element elementor-element-a1b6e48 elementor-section-height-min-height elementor-section-content-middle elementor-section-boxed elementor-section-height-default elementor-section-items-middle\" data-id=\"a1b6e48\" data-element_type=\"section\" data-e-type=\"section\" data-settings=\"{&quot;background_background&quot;:&quot;classic&quot;}\">\n\t\t\t\t\t\t\t<div class=\"elementor-background-overlay\"><\/div>\n\t\t\t\t\t\t\t<div class=\"elementor-container elementor-column-gap-default\">\n\t\t\t\t\t<div class=\"elementor-column elementor-col-100 elementor-top-column elementor-element elementor-element-7c2c442 elementor-invisible\" data-id=\"7c2c442\" data-element_type=\"column\" data-e-type=\"column\" data-settings=\"{&quot;background_background&quot;:&quot;classic&quot;,&quot;animation&quot;:&quot;pulse&quot;}\">\n\t\t\t<div class=\"elementor-widget-wrap elementor-element-populated\">\n\t\t\t\t\t\t<div class=\"elementor-element elementor-element-ef9f9a6 elementor-position-top elementor-widget elementor-widget-image-box\" data-id=\"ef9f9a6\" data-element_type=\"widget\" data-e-type=\"widget\" data-widget_type=\"image-box.default\">\n\t\t\t\t<div class=\"elementor-widget-container\">\n\t\t\t\t\t<div class=\"elementor-image-box-wrapper\"><figure class=\"elementor-image-box-img\"><img fetchpriority=\"high\" decoding=\"async\" width=\"1500\" height=\"1500\" src=\"https:\/\/selectid.net\/wp-content\/uploads\/2024\/01\/Rayco-Foto-Perfil.webp\" class=\"attachment-full size-full wp-image-16454\" alt=\"\" srcset=\"https:\/\/selectid.net\/wp-content\/uploads\/2024\/01\/Rayco-Foto-Perfil.webp 1500w, https:\/\/selectid.net\/wp-content\/uploads\/2024\/01\/Rayco-Foto-Perfil-300x300.webp 300w, https:\/\/selectid.net\/wp-content\/uploads\/2024\/01\/Rayco-Foto-Perfil-1024x1024.webp 1024w, https:\/\/selectid.net\/wp-content\/uploads\/2024\/01\/Rayco-Foto-Perfil-150x150.webp 150w, https:\/\/selectid.net\/wp-content\/uploads\/2024\/01\/Rayco-Foto-Perfil-768x768.webp 768w, https:\/\/selectid.net\/wp-content\/uploads\/2024\/01\/Rayco-Foto-Perfil-500x500.webp 500w, https:\/\/selectid.net\/wp-content\/uploads\/2024\/01\/Rayco-Foto-Perfil-800x800.webp 800w, https:\/\/selectid.net\/wp-content\/uploads\/2024\/01\/Rayco-Foto-Perfil-1280x1280.webp 1280w\" sizes=\"(max-width: 1500px) 100vw, 1500px\" \/><\/figure><div class=\"elementor-image-box-content\"><h3 class=\"elementor-image-box-title\">Rayco Mart\u00edn Alonso<\/h3><p class=\"elementor-image-box-description\">Immobilienmakler<\/p><\/div><\/div>\t\t\t\t<\/div>\n\t\t\t\t<\/div>\n\t\t\t\t<div class=\"elementor-element elementor-element-f3714b0 elementor-widget elementor-widget-heading\" data-id=\"f3714b0\" data-element_type=\"widget\" data-e-type=\"widget\" data-widget_type=\"heading.default\">\n\t\t\t\t<div class=\"elementor-widget-container\">\n\t\t\t\t\t<h2 class=\"elementor-heading-title elementor-size-default\">Unsere Dienstleistungen<\/h2>\t\t\t\t<\/div>\n\t\t\t\t<\/div>\n\t\t\t\t<section class=\"elementor-section elementor-inner-section elementor-element elementor-element-ee72590 elementor-section-boxed elementor-section-height-default elementor-section-height-default\" data-id=\"ee72590\" data-element_type=\"section\" data-e-type=\"section\">\n\t\t\t\t\t\t<div class=\"elementor-container elementor-column-gap-default\">\n\t\t\t\t\t<div class=\"elementor-column elementor-col-33 elementor-inner-column elementor-element elementor-element-6eb934e\" data-id=\"6eb934e\" data-element_type=\"column\" data-e-type=\"column\">\n\t\t\t<div class=\"elementor-widget-wrap elementor-element-populated\">\n\t\t\t\t\t\t<div class=\"elementor-element elementor-element-897bd41 elementor-position-top elementor-widget elementor-widget-image-box\" data-id=\"897bd41\" data-element_type=\"widget\" data-e-type=\"widget\" data-widget_type=\"image-box.default\">\n\t\t\t\t<div class=\"elementor-widget-container\">\n\t\t\t\t\t<div class=\"elementor-image-box-wrapper\"><figure class=\"elementor-image-box-img\"><a href=\"https:\/\/drive.usercontent.google.com\/u\/0\/uc?id=1K20Kd-bIP0Egvgm9w16kKCp5tnEHZpzG&#038;export=download\" tabindex=\"-1\" target=\"_blank\" rel=\"noopener\"><img decoding=\"async\" width=\"512\" height=\"512\" src=\"https:\/\/selectid.net\/wp-content\/uploads\/2024\/01\/business-card-design.webp\" class=\"attachment-full size-full wp-image-16296\" alt=\"\" srcset=\"https:\/\/selectid.net\/wp-content\/uploads\/2024\/01\/business-card-design.webp 512w, https:\/\/selectid.net\/wp-content\/uploads\/2024\/01\/business-card-design-300x300.webp 300w, https:\/\/selectid.net\/wp-content\/uploads\/2024\/01\/business-card-design-150x150.webp 150w, https:\/\/selectid.net\/wp-content\/uploads\/2024\/01\/business-card-design-500x500.webp 500w\" sizes=\"(max-width: 512px) 100vw, 512px\" \/><\/a><\/figure><div class=\"elementor-image-box-content\"><h3 class=\"elementor-image-box-title\"><a href=\"https:\/\/drive.usercontent.google.com\/u\/0\/uc?id=1K20Kd-bIP0Egvgm9w16kKCp5tnEHZpzG&#038;export=download\" target=\"_blank\" rel=\"noopener\">Meinen Kontakt hinzuf\u00fcgen<\/a><\/h3><\/div><\/div>\t\t\t\t<\/div>\n\t\t\t\t<\/div>\n\t\t\t\t\t<\/div>\n\t\t<\/div>\n\t\t\t\t<div class=\"elementor-column elementor-col-33 elementor-inner-column elementor-element elementor-element-356c35a\" data-id=\"356c35a\" data-element_type=\"column\" data-e-type=\"column\">\n\t\t\t<div class=\"elementor-widget-wrap elementor-element-populated\">\n\t\t\t\t\t\t<div class=\"elementor-element elementor-element-a7220a3 elementor-position-top elementor-widget elementor-widget-image-box\" data-id=\"a7220a3\" data-element_type=\"widget\" data-e-type=\"widget\" data-widget_type=\"image-box.default\">\n\t\t\t\t<div class=\"elementor-widget-container\">\n\t\t\t\t\t<div class=\"elementor-image-box-wrapper\"><figure class=\"elementor-image-box-img\"><a href=\"https:\/\/spanishpropertiesre.com\/agent\/rayco-martin-alonso\/\" tabindex=\"-1\" target=\"_blank\" rel=\"noopener\"><img decoding=\"async\" width=\"512\" height=\"512\" src=\"https:\/\/selectid.net\/wp-content\/uploads\/2024\/01\/new-house.webp\" class=\"attachment-full size-full wp-image-16280\" alt=\"\" srcset=\"https:\/\/selectid.net\/wp-content\/uploads\/2024\/01\/new-house.webp 512w, https:\/\/selectid.net\/wp-content\/uploads\/2024\/01\/new-house-300x300.webp 300w, https:\/\/selectid.net\/wp-content\/uploads\/2024\/01\/new-house-150x150.webp 150w, https:\/\/selectid.net\/wp-content\/uploads\/2024\/01\/new-house-500x500.webp 500w\" sizes=\"(max-width: 512px) 100vw, 512px\" \/><\/a><\/figure><div class=\"elementor-image-box-content\"><h3 class=\"elementor-image-box-title\"><a href=\"https:\/\/spanishpropertiesre.com\/agent\/rayco-martin-alonso\/\" target=\"_blank\" rel=\"noopener\">Alle Eigenschaften anzeigen<\/a><\/h3><\/div><\/div>\t\t\t\t<\/div>\n\t\t\t\t<\/div>\n\t\t\t\t\t<\/div>\n\t\t<\/div>\n\t\t\t\t<div class=\"elementor-column elementor-col-33 elementor-inner-column elementor-element elementor-element-4d3103b\" data-id=\"4d3103b\" data-element_type=\"column\" data-e-type=\"column\">\n\t\t\t<div class=\"elementor-widget-wrap elementor-element-populated\">\n\t\t\t\t\t\t<div class=\"elementor-element elementor-element-86ca78d elementor-position-top elementor-widget elementor-widget-image-box\" data-id=\"86ca78d\" data-element_type=\"widget\" data-e-type=\"widget\" data-widget_type=\"image-box.default\">\n\t\t\t\t<div class=\"elementor-widget-container\">\n\t\t\t\t\t<div class=\"elementor-image-box-wrapper\"><figure class=\"elementor-image-box-img\"><a href=\"https:\/\/spanishpropertiesre.com\/\" tabindex=\"-1\" target=\"_blank\" rel=\"noopener\"><img loading=\"lazy\" decoding=\"async\" width=\"512\" height=\"512\" src=\"https:\/\/selectid.net\/wp-content\/uploads\/2024\/01\/browser.webp\" class=\"attachment-full size-full wp-image-16288\" alt=\"\" srcset=\"https:\/\/selectid.net\/wp-content\/uploads\/2024\/01\/browser.webp 512w, https:\/\/selectid.net\/wp-content\/uploads\/2024\/01\/browser-300x300.webp 300w, https:\/\/selectid.net\/wp-content\/uploads\/2024\/01\/browser-150x150.webp 150w, https:\/\/selectid.net\/wp-content\/uploads\/2024\/01\/browser-500x500.webp 500w\" sizes=\"(max-width: 512px) 100vw, 512px\" \/><\/a><\/figure><div class=\"elementor-image-box-content\"><h3 class=\"elementor-image-box-title\"><a href=\"https:\/\/spanishpropertiesre.com\/\" target=\"_blank\" rel=\"noopener\">Besuchen Sie unsere Website<\/a><\/h3><\/div><\/div>\t\t\t\t<\/div>\n\t\t\t\t<\/div>\n\t\t\t\t\t<\/div>\n\t\t<\/div>\n\t\t\t\t\t<\/div>\n\t\t<\/section>\n\t\t\t\t<div class=\"elementor-element elementor-element-c18bce1 elementor-widget elementor-widget-heading\" data-id=\"c18bce1\" data-element_type=\"widget\" data-e-type=\"widget\" data-widget_type=\"heading.default\">\n\t\t\t\t<div class=\"elementor-widget-container\">\n\t\t\t\t\t<h2 class=\"elementor-heading-title elementor-size-default\">Kontaktieren Sie uns unter<\/h2>\t\t\t\t<\/div>\n\t\t\t\t<\/div>\n\t\t\t\t<section class=\"elementor-section elementor-inner-section elementor-element elementor-element-c5ae6f0 elementor-section-boxed elementor-section-height-default elementor-section-height-default\" data-id=\"c5ae6f0\" data-element_type=\"section\" data-e-type=\"section\">\n\t\t\t\t\t\t<div class=\"elementor-container elementor-column-gap-default\">\n\t\t\t\t\t<div class=\"elementor-column elementor-col-33 elementor-inner-column elementor-element elementor-element-466ac88\" data-id=\"466ac88\" data-element_type=\"column\" data-e-type=\"column\">\n\t\t\t<div class=\"elementor-widget-wrap elementor-element-populated\">\n\t\t\t\t\t\t<div class=\"elementor-element elementor-element-90d3322 elementor-position-top elementor-widget elementor-widget-image-box\" data-id=\"90d3322\" data-element_type=\"widget\" data-e-type=\"widget\" data-widget_type=\"image-box.default\">\n\t\t\t\t<div class=\"elementor-widget-container\">\n\t\t\t\t\t<div class=\"elementor-image-box-wrapper\"><figure class=\"elementor-image-box-img\"><a href=\"https:\/\/wa.me\/34678282827\" tabindex=\"-1\" target=\"_blank\" rel=\"noopener\"><img loading=\"lazy\" decoding=\"async\" width=\"512\" height=\"512\" src=\"https:\/\/selectid.net\/wp-content\/uploads\/2024\/01\/whatsapp.webp\" class=\"attachment-full size-full wp-image-16316\" alt=\"\" srcset=\"https:\/\/selectid.net\/wp-content\/uploads\/2024\/01\/whatsapp.webp 512w, https:\/\/selectid.net\/wp-content\/uploads\/2024\/01\/whatsapp-300x300.webp 300w, https:\/\/selectid.net\/wp-content\/uploads\/2024\/01\/whatsapp-150x150.webp 150w, https:\/\/selectid.net\/wp-content\/uploads\/2024\/01\/whatsapp-500x500.webp 500w\" sizes=\"(max-width: 512px) 100vw, 512px\" \/><\/a><\/figure><div class=\"elementor-image-box-content\"><h3 class=\"elementor-image-box-title\"><a href=\"https:\/\/wa.me\/34678282827\" target=\"_blank\" rel=\"noopener\">Kontakt per WhatsApp<\/a><\/h3><\/div><\/div>\t\t\t\t<\/div>\n\t\t\t\t<\/div>\n\t\t\t\t\t<\/div>\n\t\t<\/div>\n\t\t\t\t<div class=\"elementor-column elementor-col-33 elementor-inner-column elementor-element elementor-element-a118fee\" data-id=\"a118fee\" data-element_type=\"column\" data-e-type=\"column\">\n\t\t\t<div class=\"elementor-widget-wrap elementor-element-populated\">\n\t\t\t\t\t\t<div class=\"elementor-element elementor-element-f5b2718 elementor-position-top elementor-widget elementor-widget-image-box\" data-id=\"f5b2718\" data-element_type=\"widget\" data-e-type=\"widget\" data-widget_type=\"image-box.default\">\n\t\t\t\t<div class=\"elementor-widget-container\">\n\t\t\t\t\t<div class=\"elementor-image-box-wrapper\"><figure class=\"elementor-image-box-img\"><a href=\"tel:+34678282827\" tabindex=\"-1\"><img loading=\"lazy\" decoding=\"async\" width=\"512\" height=\"512\" src=\"https:\/\/selectid.net\/wp-content\/uploads\/2024\/01\/call-out.webp\" class=\"attachment-full size-full wp-image-16308\" alt=\"\" srcset=\"https:\/\/selectid.net\/wp-content\/uploads\/2024\/01\/call-out.webp 512w, https:\/\/selectid.net\/wp-content\/uploads\/2024\/01\/call-out-300x300.webp 300w, https:\/\/selectid.net\/wp-content\/uploads\/2024\/01\/call-out-150x150.webp 150w, https:\/\/selectid.net\/wp-content\/uploads\/2024\/01\/call-out-500x500.webp 500w\" sizes=\"(max-width: 512px) 100vw, 512px\" \/><\/a><\/figure><div class=\"elementor-image-box-content\"><h3 class=\"elementor-image-box-title\"><a href=\"tel:+34678282827\">Kontakt per Telefon<\/a><\/h3><\/div><\/div>\t\t\t\t<\/div>\n\t\t\t\t<\/div>\n\t\t\t\t\t<\/div>\n\t\t<\/div>\n\t\t\t\t<div class=\"elementor-column elementor-col-33 elementor-inner-column elementor-element elementor-element-668d626\" data-id=\"668d626\" data-element_type=\"column\" data-e-type=\"column\">\n\t\t\t<div class=\"elementor-widget-wrap elementor-element-populated\">\n\t\t\t\t\t\t<div class=\"elementor-element elementor-element-a58ece6 elementor-position-top elementor-widget elementor-widget-image-box\" data-id=\"a58ece6\" data-element_type=\"widget\" data-e-type=\"widget\" data-widget_type=\"image-box.default\">\n\t\t\t\t<div class=\"elementor-widget-container\">\n\t\t\t\t\t<div class=\"elementor-image-box-wrapper\"><figure class=\"elementor-image-box-img\"><a href=\"mailto:rayco@spanishpropertiesre.com\" tabindex=\"-1\"><img loading=\"lazy\" decoding=\"async\" width=\"512\" height=\"512\" src=\"https:\/\/selectid.net\/wp-content\/uploads\/2024\/01\/write.webp\" class=\"attachment-full size-full wp-image-16324\" alt=\"\" srcset=\"https:\/\/selectid.net\/wp-content\/uploads\/2024\/01\/write.webp 512w, https:\/\/selectid.net\/wp-content\/uploads\/2024\/01\/write-300x300.webp 300w, https:\/\/selectid.net\/wp-content\/uploads\/2024\/01\/write-150x150.webp 150w, https:\/\/selectid.net\/wp-content\/uploads\/2024\/01\/write-500x500.webp 500w\" sizes=\"(max-width: 512px) 100vw, 512px\" \/><\/a><\/figure><div class=\"elementor-image-box-content\"><h3 class=\"elementor-image-box-title\"><a href=\"mailto:rayco@spanishpropertiesre.com\">Schicken Sie uns eine E-Mail<\/a><\/h3><\/div><\/div>\t\t\t\t<\/div>\n\t\t\t\t<\/div>\n\t\t\t\t\t<\/div>\n\t\t<\/div>\n\t\t\t\t\t<\/div>\n\t\t<\/section>\n\t\t\t\t<section class=\"elementor-section elementor-inner-section elementor-element elementor-element-76316f6 elementor-section-boxed elementor-section-height-default elementor-section-height-default\" data-id=\"76316f6\" data-element_type=\"section\" data-e-type=\"section\">\n\t\t\t\t\t\t<div class=\"elementor-container elementor-column-gap-default\">\n\t\t\t\t\t<div class=\"elementor-column elementor-col-100 elementor-inner-column elementor-element elementor-element-8c6aa2b\" data-id=\"8c6aa2b\" data-element_type=\"column\" data-e-type=\"column\" data-settings=\"{&quot;background_background&quot;:&quot;classic&quot;}\">\n\t\t\t<div class=\"elementor-widget-wrap elementor-element-populated\">\n\t\t\t\t\t\t<div class=\"elementor-element elementor-element-85091af elementor-widget elementor-widget-heading\" data-id=\"85091af\" data-element_type=\"widget\" data-e-type=\"widget\" data-widget_type=\"heading.default\">\n\t\t\t\t<div class=\"elementor-widget-container\">\n\t\t\t\t\t<h2 class=\"elementor-heading-title elementor-size-default\">Unser Standort<\/h2>\t\t\t\t<\/div>\n\t\t\t\t<\/div>\n\t\t\t\t<div class=\"elementor-element elementor-element-d383abb elementor-widget elementor-widget-html\" data-id=\"d383abb\" data-element_type=\"widget\" data-e-type=\"widget\" data-widget_type=\"html.default\">\n\t\t\t\t<div class=\"elementor-widget-container\">\n\t\t\t\t\t<iframe src=\"https:\/\/www.google.com\/maps\/embed?pb=!1m18!1m12!1m3!1d1760.1908078080387!2d-16.673206748232307!3d28.07390022693452!2m3!1f0!2f0!3f0!3m2!1i1024!2i768!4f13.1!3m3!1m2!1s0xc6a990910a26bc9%3A0xb76ff0792305b128!2sTF-657%2C%20111%2C%2038627%20Arona%2C%20Santa%20Cruz%20de%20Tenerife!5e0!3m2!1ses!2ses!4v1706269593466!5m2!1ses!2ses\" width=\"400\" height=\"300\" style=\"border:0;\" allowfullscreen=\"\" loading=\"lazy\" referrerpolicy=\"no-referrer-when-downgrade\"><\/iframe>\t\t\t\t<\/div>\n\t\t\t\t<\/div>\n\t\t\t\t\t<\/div>\n\t\t<\/div>\n\t\t\t\t\t<\/div>\n\t\t<\/section>\n\t\t\t\t\t<\/div>\n\t\t<\/div>\n\t\t\t\t\t<\/div>\n\t\t<\/section>\n\t\t\t\t<\/div>","protected":false},"excerpt":{"rendered":"<p>Rayco Mart\u00edn Alonso Broker Inmobiliario Nuestros servicios A\u00f1adir mi contacto Ver todas las propiedades Visita nuestro website Cont\u00e1ctanos Contactar por WhatsApp Contact por tel\u00e9fono Env\u00edanos un email Nuestra ubicaci\u00f3n<\/p>","protected":false},"author":1,"featured_media":16454,"parent":0,"menu_order":0,"comment_status":"closed","ping_status":"closed","template":"elementor_canvas","meta":{"site-sidebar-layout":"no-sidebar","site-content-layout":"page-builder","ast-site-content-layout":"full-width-container","site-content-style":"unboxed","site-sidebar-style":"unboxed","ast-global-header-display":"","ast-banner-title-visibility":"","ast-main-header-display":"","ast-hfb-above-header-display":"","ast-hfb-below-header-display":"","ast-hfb-mobile-header-display":"","site-post-title":"disabled","ast-breadcrumbs-content":"","ast-featured-img":"disabled","footer-sml-layout":"","ast-disable-related-posts":"","theme-transparent-header-meta":"","adv-header-id-meta":"","stick-header-meta":"","header-above-stick-meta":"","header-main-stick-meta":"","header-below-stick-meta":"","astra-migrate-meta-layouts":"default","ast-page-background-enabled":"default","ast-page-background-meta":{"desktop":{"background-color":"var(--ast-global-color-4)","background-image":"","background-repeat":"repeat","background-position":"center center","background-size":"auto","background-attachment":"scroll","background-type":"","background-media":"","overlay-type":"","overlay-color":"","overlay-opacity":"","overlay-gradient":""},"tablet":{"background-color":"","background-image":"","background-repeat":"repeat","background-position":"center center","background-size":"auto","background-attachment":"scroll","background-type":"","background-media":"","overlay-type":"","overlay-color":"","overlay-opacity":"","overlay-gradient":""},"mobile":{"background-color":"","background-image":"","background-repeat":"repeat","background-position":"center center","background-size":"auto","background-attachment":"scroll","background-type":"","background-media":"","overlay-type":"","overlay-color":"","overlay-opacity":"","overlay-gradient":""}},"ast-content-background-meta":{"desktop":{"background-color":"var(--ast-global-color-5)","background-image":"","background-repeat":"repeat","background-position":"center center","background-size":"auto","background-attachment":"scroll","background-type":"","background-media":"","overlay-type":"","overlay-color":"","overlay-opacity":"","overlay-gradient":""},"tablet":{"background-color":"var(--ast-global-color-5)","background-image":"","background-repeat":"repeat","background-position":"center center","background-size":"auto","background-attachment":"scroll","background-type":"","background-media":"","overlay-type":"","overlay-color":"","overlay-opacity":"","overlay-gradient":""},"mobile":{"background-color":"var(--ast-global-color-5)","background-image":"","background-repeat":"repeat","background-position":"center center","background-size":"auto","background-attachment":"scroll","background-type":"","background-media":"","overlay-type":"","overlay-color":"","overlay-opacity":"","overlay-gradient":""}},"footnotes":""},"class_list":["post-16469","page","type-page","status-publish","has-post-thumbnail","hentry"],"_links":{"self":[{"href":"https:\/\/selectid.net\/de\/wp-json\/wp\/v2\/pages\/16469","targetHints":{"allow":["GET"]}}],"collection":[{"href":"https:\/\/selectid.net\/de\/wp-json\/wp\/v2\/pages"}],"about":[{"href":"https:\/\/selectid.net\/de\/wp-json\/wp\/v2\/types\/page"}],"author":[{"embeddable":true,"href":"https:\/\/selectid.net\/de\/wp-json\/wp\/v2\/users\/1"}],"replies":[{"embeddable":true,"href":"https:\/\/selectid.net\/de\/wp-json\/wp\/v2\/comments?post=16469"}],"version-history":[{"count":5,"href":"https:\/\/selectid.net\/de\/wp-json\/wp\/v2\/pages\/16469\/revisions"}],"predecessor-version":[{"id":16846,"href":"https:\/\/selectid.net\/de\/wp-json\/wp\/v2\/pages\/16469\/revisions\/16846"}],"wp:featuredmedia":[{"embeddable":true,"href":"https:\/\/selectid.net\/de\/wp-json\/wp\/v2\/media\/16454"}],"wp:attachment":[{"href":"https:\/\/selectid.net\/de\/wp-json\/wp\/v2\/media?parent=16469"}],"curies":[{"name":"wp","href":"https:\/\/api.w.org\/{rel}","templated":true}]}}