{"id":17420,"date":"2024-11-13T16:29:32","date_gmt":"2024-11-13T16:29:32","guid":{"rendered":"https:\/\/selectid.net\/inmoparis-carlota\/"},"modified":"2024-11-13T16:29:32","modified_gmt":"2024-11-13T16:29:32","slug":"inmoparis-carlota","status":"publish","type":"page","link":"https:\/\/selectid.net\/de\/inmoparis-carlota\/","title":{"rendered":"InmoParis - Carlota"},"content":{"rendered":"<div data-elementor-type=\"wp-page\" data-elementor-id=\"17420\" class=\"elementor elementor-17420\" data-elementor-post-type=\"page\">\n\t\t\t\t\t\t<section class=\"elementor-section elementor-top-section elementor-element elementor-element-a05649d elementor-section-height-min-height elementor-section-content-middle elementor-section-boxed elementor-section-height-default elementor-section-items-middle\" data-id=\"a05649d\" data-element_type=\"section\" data-e-type=\"section\" data-settings=\"{&quot;background_background&quot;:&quot;classic&quot;}\">\n\t\t\t\t\t\t\t<div class=\"elementor-background-overlay\"><\/div>\n\t\t\t\t\t\t\t<div class=\"elementor-container elementor-column-gap-default\">\n\t\t\t\t\t<div class=\"elementor-column elementor-col-100 elementor-top-column elementor-element elementor-element-13749dc elementor-invisible\" data-id=\"13749dc\" data-element_type=\"column\" data-e-type=\"column\" data-settings=\"{&quot;background_background&quot;:&quot;classic&quot;,&quot;animation&quot;:&quot;pulse&quot;}\">\n\t\t\t<div class=\"elementor-widget-wrap elementor-element-populated\">\n\t\t\t\t\t\t<div class=\"elementor-element elementor-element-9f772c5 elementor-position-top elementor-widget elementor-widget-image-box\" data-id=\"9f772c5\" data-element_type=\"widget\" data-e-type=\"widget\" data-widget_type=\"image-box.default\">\n\t\t\t\t<div class=\"elementor-widget-container\">\n\t\t\t\t\t<div class=\"elementor-image-box-wrapper\"><figure class=\"elementor-image-box-img\"><img fetchpriority=\"high\" decoding=\"async\" width=\"1000\" height=\"1000\" src=\"https:\/\/selectid.net\/wp-content\/uploads\/2024\/11\/Carlota-con-fondo.webp\" class=\"attachment-full size-full wp-image-17393\" alt=\"\" srcset=\"https:\/\/selectid.net\/wp-content\/uploads\/2024\/11\/Carlota-con-fondo.webp 1000w, https:\/\/selectid.net\/wp-content\/uploads\/2024\/11\/Carlota-con-fondo-300x300.webp 300w, https:\/\/selectid.net\/wp-content\/uploads\/2024\/11\/Carlota-con-fondo-150x150.webp 150w, https:\/\/selectid.net\/wp-content\/uploads\/2024\/11\/Carlota-con-fondo-768x768.webp 768w, https:\/\/selectid.net\/wp-content\/uploads\/2024\/11\/Carlota-con-fondo-500x500.webp 500w, https:\/\/selectid.net\/wp-content\/uploads\/2024\/11\/Carlota-con-fondo-800x800.webp 800w\" sizes=\"(max-width: 1000px) 100vw, 1000px\" \/><\/figure><div class=\"elementor-image-box-content\"><h3 class=\"elementor-image-box-title\">Carlota Tejerina<\/h3><p class=\"elementor-image-box-description\">InmoParis<\/p><\/div><\/div>\t\t\t\t<\/div>\n\t\t\t\t<\/div>\n\t\t\t\t<div class=\"elementor-element elementor-element-583a37b elementor-widget elementor-widget-heading\" data-id=\"583a37b\" data-element_type=\"widget\" data-e-type=\"widget\" data-widget_type=\"heading.default\">\n\t\t\t\t<div class=\"elementor-widget-container\">\n\t\t\t\t\t<h2 class=\"elementor-heading-title elementor-size-default\">Unsere Dienstleistungen<\/h2>\t\t\t\t<\/div>\n\t\t\t\t<\/div>\n\t\t\t\t<section class=\"elementor-section elementor-inner-section elementor-element elementor-element-7230c66 elementor-section-boxed elementor-section-height-default elementor-section-height-default\" data-id=\"7230c66\" data-element_type=\"section\" data-e-type=\"section\">\n\t\t\t\t\t\t<div class=\"elementor-container elementor-column-gap-default\">\n\t\t\t\t\t<div class=\"elementor-column elementor-col-33 elementor-inner-column elementor-element elementor-element-8759055\" data-id=\"8759055\" data-element_type=\"column\" data-e-type=\"column\">\n\t\t\t<div class=\"elementor-widget-wrap elementor-element-populated\">\n\t\t\t\t\t\t<div class=\"elementor-element elementor-element-b22cac8 elementor-position-top elementor-widget elementor-widget-image-box\" data-id=\"b22cac8\" data-element_type=\"widget\" data-e-type=\"widget\" data-widget_type=\"image-box.default\">\n\t\t\t\t<div class=\"elementor-widget-container\">\n\t\t\t\t\t<div class=\"elementor-image-box-wrapper\"><figure class=\"elementor-image-box-img\"><a href=\"https:\/\/drive.usercontent.google.com\/u\/0\/uc?id=1-Tvy7UGC006qMnLqNvdQuaF4ERYa3VKl&#038;export=download\" tabindex=\"-1\" target=\"_blank\" rel=\"noopener\"><img decoding=\"async\" width=\"512\" height=\"512\" src=\"https:\/\/selectid.net\/wp-content\/uploads\/2024\/01\/business-card-design.webp\" class=\"attachment-full size-full wp-image-16296\" alt=\"\" srcset=\"https:\/\/selectid.net\/wp-content\/uploads\/2024\/01\/business-card-design.webp 512w, https:\/\/selectid.net\/wp-content\/uploads\/2024\/01\/business-card-design-300x300.webp 300w, https:\/\/selectid.net\/wp-content\/uploads\/2024\/01\/business-card-design-150x150.webp 150w, https:\/\/selectid.net\/wp-content\/uploads\/2024\/01\/business-card-design-500x500.webp 500w\" sizes=\"(max-width: 512px) 100vw, 512px\" \/><\/a><\/figure><div class=\"elementor-image-box-content\"><h3 class=\"elementor-image-box-title\"><a href=\"https:\/\/drive.usercontent.google.com\/u\/0\/uc?id=1-Tvy7UGC006qMnLqNvdQuaF4ERYa3VKl&#038;export=download\" target=\"_blank\" rel=\"noopener\">Meinen Kontakt hinzuf\u00fcgen<\/a><\/h3><\/div><\/div>\t\t\t\t<\/div>\n\t\t\t\t<\/div>\n\t\t\t\t\t<\/div>\n\t\t<\/div>\n\t\t\t\t<div class=\"elementor-column elementor-col-33 elementor-inner-column elementor-element elementor-element-4cb882f\" data-id=\"4cb882f\" data-element_type=\"column\" data-e-type=\"column\">\n\t\t\t<div class=\"elementor-widget-wrap elementor-element-populated\">\n\t\t\t\t\t\t<div class=\"elementor-element elementor-element-8a966ce elementor-position-top elementor-widget elementor-widget-image-box\" data-id=\"8a966ce\" data-element_type=\"widget\" data-e-type=\"widget\" data-widget_type=\"image-box.default\">\n\t\t\t\t<div class=\"elementor-widget-container\">\n\t\t\t\t\t<div class=\"elementor-image-box-wrapper\"><figure class=\"elementor-image-box-img\"><a href=\"https:\/\/inmoparis.com\/mapa-de-propiedades\/\" tabindex=\"-1\" target=\"_blank\" rel=\"noopener\"><img decoding=\"async\" width=\"512\" height=\"512\" src=\"https:\/\/selectid.net\/wp-content\/uploads\/2024\/01\/new-house.webp\" class=\"attachment-full size-full wp-image-16280\" alt=\"\" srcset=\"https:\/\/selectid.net\/wp-content\/uploads\/2024\/01\/new-house.webp 512w, https:\/\/selectid.net\/wp-content\/uploads\/2024\/01\/new-house-300x300.webp 300w, https:\/\/selectid.net\/wp-content\/uploads\/2024\/01\/new-house-150x150.webp 150w, https:\/\/selectid.net\/wp-content\/uploads\/2024\/01\/new-house-500x500.webp 500w\" sizes=\"(max-width: 512px) 100vw, 512px\" \/><\/a><\/figure><div class=\"elementor-image-box-content\"><h3 class=\"elementor-image-box-title\"><a href=\"https:\/\/inmoparis.com\/mapa-de-propiedades\/\" target=\"_blank\" rel=\"noopener\">Alle Eigenschaften anzeigen<\/a><\/h3><\/div><\/div>\t\t\t\t<\/div>\n\t\t\t\t<\/div>\n\t\t\t\t\t<\/div>\n\t\t<\/div>\n\t\t\t\t<div class=\"elementor-column elementor-col-33 elementor-inner-column elementor-element elementor-element-6ec9075\" data-id=\"6ec9075\" data-element_type=\"column\" data-e-type=\"column\">\n\t\t\t<div class=\"elementor-widget-wrap elementor-element-populated\">\n\t\t\t\t\t\t<div class=\"elementor-element elementor-element-30d46da elementor-position-top elementor-widget elementor-widget-image-box\" data-id=\"30d46da\" data-element_type=\"widget\" data-e-type=\"widget\" data-widget_type=\"image-box.default\">\n\t\t\t\t<div class=\"elementor-widget-container\">\n\t\t\t\t\t<div class=\"elementor-image-box-wrapper\"><figure class=\"elementor-image-box-img\"><a href=\"https:\/\/inmoparis.com\/\" tabindex=\"-1\" target=\"_blank\" rel=\"noopener\"><img loading=\"lazy\" decoding=\"async\" width=\"512\" height=\"512\" src=\"https:\/\/selectid.net\/wp-content\/uploads\/2024\/01\/browser.webp\" class=\"attachment-full size-full wp-image-16288\" alt=\"\" srcset=\"https:\/\/selectid.net\/wp-content\/uploads\/2024\/01\/browser.webp 512w, https:\/\/selectid.net\/wp-content\/uploads\/2024\/01\/browser-300x300.webp 300w, https:\/\/selectid.net\/wp-content\/uploads\/2024\/01\/browser-150x150.webp 150w, https:\/\/selectid.net\/wp-content\/uploads\/2024\/01\/browser-500x500.webp 500w\" sizes=\"(max-width: 512px) 100vw, 512px\" \/><\/a><\/figure><div class=\"elementor-image-box-content\"><h3 class=\"elementor-image-box-title\"><a href=\"https:\/\/inmoparis.com\/\" target=\"_blank\" rel=\"noopener\">Besuchen Sie unsere Website<\/a><\/h3><\/div><\/div>\t\t\t\t<\/div>\n\t\t\t\t<\/div>\n\t\t\t\t\t<\/div>\n\t\t<\/div>\n\t\t\t\t\t<\/div>\n\t\t<\/section>\n\t\t\t\t<div class=\"elementor-element elementor-element-1dc0c88 elementor-widget elementor-widget-heading\" data-id=\"1dc0c88\" data-element_type=\"widget\" data-e-type=\"widget\" data-widget_type=\"heading.default\">\n\t\t\t\t<div class=\"elementor-widget-container\">\n\t\t\t\t\t<h2 class=\"elementor-heading-title elementor-size-default\">Kontaktieren Sie uns unter<\/h2>\t\t\t\t<\/div>\n\t\t\t\t<\/div>\n\t\t\t\t<section class=\"elementor-section elementor-inner-section elementor-element elementor-element-a8a43b0 elementor-section-boxed elementor-section-height-default elementor-section-height-default\" data-id=\"a8a43b0\" data-element_type=\"section\" data-e-type=\"section\">\n\t\t\t\t\t\t<div class=\"elementor-container elementor-column-gap-default\">\n\t\t\t\t\t<div class=\"elementor-column elementor-col-33 elementor-inner-column elementor-element elementor-element-f1f8ae8\" data-id=\"f1f8ae8\" data-element_type=\"column\" data-e-type=\"column\">\n\t\t\t<div class=\"elementor-widget-wrap elementor-element-populated\">\n\t\t\t\t\t\t<div class=\"elementor-element elementor-element-ac3827e elementor-position-top elementor-widget elementor-widget-image-box\" data-id=\"ac3827e\" data-element_type=\"widget\" data-e-type=\"widget\" data-widget_type=\"image-box.default\">\n\t\t\t\t<div class=\"elementor-widget-container\">\n\t\t\t\t\t<div class=\"elementor-image-box-wrapper\"><figure class=\"elementor-image-box-img\"><a href=\"https:\/\/wa.me\/34625885711\" tabindex=\"-1\" target=\"_blank\" rel=\"noopener\"><img loading=\"lazy\" decoding=\"async\" width=\"512\" height=\"512\" src=\"https:\/\/selectid.net\/wp-content\/uploads\/2024\/01\/whatsapp.webp\" class=\"attachment-full size-full wp-image-16316\" alt=\"\" srcset=\"https:\/\/selectid.net\/wp-content\/uploads\/2024\/01\/whatsapp.webp 512w, https:\/\/selectid.net\/wp-content\/uploads\/2024\/01\/whatsapp-300x300.webp 300w, https:\/\/selectid.net\/wp-content\/uploads\/2024\/01\/whatsapp-150x150.webp 150w, https:\/\/selectid.net\/wp-content\/uploads\/2024\/01\/whatsapp-500x500.webp 500w\" sizes=\"(max-width: 512px) 100vw, 512px\" \/><\/a><\/figure><div class=\"elementor-image-box-content\"><h3 class=\"elementor-image-box-title\"><a href=\"https:\/\/wa.me\/34625885711\" target=\"_blank\" rel=\"noopener\">Kontakt per WhatsApp<\/a><\/h3><\/div><\/div>\t\t\t\t<\/div>\n\t\t\t\t<\/div>\n\t\t\t\t\t<\/div>\n\t\t<\/div>\n\t\t\t\t<div class=\"elementor-column elementor-col-33 elementor-inner-column elementor-element elementor-element-5131101\" data-id=\"5131101\" data-element_type=\"column\" data-e-type=\"column\">\n\t\t\t<div class=\"elementor-widget-wrap elementor-element-populated\">\n\t\t\t\t\t\t<div class=\"elementor-element elementor-element-90dc5ad elementor-position-top elementor-widget elementor-widget-image-box\" data-id=\"90dc5ad\" data-element_type=\"widget\" data-e-type=\"widget\" data-widget_type=\"image-box.default\">\n\t\t\t\t<div class=\"elementor-widget-container\">\n\t\t\t\t\t<div class=\"elementor-image-box-wrapper\"><figure class=\"elementor-image-box-img\"><a href=\"tel:+34922791589\" tabindex=\"-1\"><img loading=\"lazy\" decoding=\"async\" width=\"512\" height=\"512\" src=\"https:\/\/selectid.net\/wp-content\/uploads\/2024\/01\/call-out.webp\" class=\"attachment-full size-full wp-image-16308\" alt=\"\" srcset=\"https:\/\/selectid.net\/wp-content\/uploads\/2024\/01\/call-out.webp 512w, https:\/\/selectid.net\/wp-content\/uploads\/2024\/01\/call-out-300x300.webp 300w, https:\/\/selectid.net\/wp-content\/uploads\/2024\/01\/call-out-150x150.webp 150w, https:\/\/selectid.net\/wp-content\/uploads\/2024\/01\/call-out-500x500.webp 500w\" sizes=\"(max-width: 512px) 100vw, 512px\" \/><\/a><\/figure><div class=\"elementor-image-box-content\"><h3 class=\"elementor-image-box-title\"><a href=\"tel:+34922791589\">Kontakt per Telefon<\/a><\/h3><\/div><\/div>\t\t\t\t<\/div>\n\t\t\t\t<\/div>\n\t\t\t\t\t<\/div>\n\t\t<\/div>\n\t\t\t\t<div class=\"elementor-column elementor-col-33 elementor-inner-column elementor-element elementor-element-7ddb417\" data-id=\"7ddb417\" data-element_type=\"column\" data-e-type=\"column\">\n\t\t\t<div class=\"elementor-widget-wrap elementor-element-populated\">\n\t\t\t\t\t\t<div class=\"elementor-element elementor-element-eda2b20 elementor-position-top elementor-widget elementor-widget-image-box\" data-id=\"eda2b20\" data-element_type=\"widget\" data-e-type=\"widget\" data-widget_type=\"image-box.default\">\n\t\t\t\t<div class=\"elementor-widget-container\">\n\t\t\t\t\t<div class=\"elementor-image-box-wrapper\"><figure class=\"elementor-image-box-img\"><a href=\"mailto:carlota@inmoparis.es\" tabindex=\"-1\"><img loading=\"lazy\" decoding=\"async\" width=\"512\" height=\"512\" src=\"https:\/\/selectid.net\/wp-content\/uploads\/2024\/01\/write.webp\" class=\"attachment-full size-full wp-image-16324\" alt=\"\" srcset=\"https:\/\/selectid.net\/wp-content\/uploads\/2024\/01\/write.webp 512w, https:\/\/selectid.net\/wp-content\/uploads\/2024\/01\/write-300x300.webp 300w, https:\/\/selectid.net\/wp-content\/uploads\/2024\/01\/write-150x150.webp 150w, https:\/\/selectid.net\/wp-content\/uploads\/2024\/01\/write-500x500.webp 500w\" sizes=\"(max-width: 512px) 100vw, 512px\" \/><\/a><\/figure><div class=\"elementor-image-box-content\"><h3 class=\"elementor-image-box-title\"><a href=\"mailto:carlota@inmoparis.es\">Schicken Sie uns eine E-Mail<\/a><\/h3><\/div><\/div>\t\t\t\t<\/div>\n\t\t\t\t<\/div>\n\t\t\t\t\t<\/div>\n\t\t<\/div>\n\t\t\t\t\t<\/div>\n\t\t<\/section>\n\t\t\t\t<section class=\"elementor-section elementor-inner-section elementor-element elementor-element-f60e06c elementor-section-boxed elementor-section-height-default elementor-section-height-default\" data-id=\"f60e06c\" data-element_type=\"section\" data-e-type=\"section\">\n\t\t\t\t\t\t<div class=\"elementor-container elementor-column-gap-default\">\n\t\t\t\t\t<div class=\"elementor-column elementor-col-100 elementor-inner-column elementor-element elementor-element-6d3d52e\" data-id=\"6d3d52e\" data-element_type=\"column\" data-e-type=\"column\" data-settings=\"{&quot;background_background&quot;:&quot;classic&quot;}\">\n\t\t\t<div class=\"elementor-widget-wrap elementor-element-populated\">\n\t\t\t\t\t\t<div class=\"elementor-element elementor-element-39110d4 elementor-widget elementor-widget-heading\" data-id=\"39110d4\" data-element_type=\"widget\" data-e-type=\"widget\" data-widget_type=\"heading.default\">\n\t\t\t\t<div class=\"elementor-widget-container\">\n\t\t\t\t\t<h2 class=\"elementor-heading-title elementor-size-default\">Unser Standort<\/h2>\t\t\t\t<\/div>\n\t\t\t\t<\/div>\n\t\t\t\t<div class=\"elementor-element elementor-element-edc1877 elementor-widget elementor-widget-html\" data-id=\"edc1877\" data-element_type=\"widget\" data-e-type=\"widget\" data-widget_type=\"html.default\">\n\t\t\t\t<div class=\"elementor-widget-container\">\n\t\t\t\t\t<iframe src=\"https:\/\/www.google.com\/maps\/embed?pb=!1m18!1m12!1m3!1d4213.278733233287!2d-16.735908523969496!3d28.055055610069!2m3!1f0!2f0!3f0!3m2!1i1024!2i768!4f13.1!3m3!1m2!1s0xc6a977761a7917d%3A0x15069b08be724256!2sParque%20Santiago%20III%20Official!5e1!3m2!1ses!2ses!4v1731434593168!5m2!1ses!2ses\" width=\"400\" height=\"300\" style=\"border:0;\" allowfullscreen=\"\" loading=\"lazy\" referrerpolicy=\"no-referrer-when-downgrade\"><\/iframe>\t\t\t\t<\/div>\n\t\t\t\t<\/div>\n\t\t\t\t\t<\/div>\n\t\t<\/div>\n\t\t\t\t\t<\/div>\n\t\t<\/section>\n\t\t\t\t\t<\/div>\n\t\t<\/div>\n\t\t\t\t\t<\/div>\n\t\t<\/section>\n\t\t\t\t<\/div>","protected":false},"excerpt":{"rendered":"<p>Carlota Tejerina InmoParis Nuestros servicios A\u00f1adir mi contacto Ver todas las propiedades Visita nuestro website Cont\u00e1ctanos Contactar por WhatsApp Contact por tel\u00e9fono Env\u00edanos un email Nuestra ubicaci\u00f3n<\/p>","protected":false},"author":1,"featured_media":17393,"parent":0,"menu_order":0,"comment_status":"closed","ping_status":"closed","template":"elementor_canvas","meta":{"site-sidebar-layout":"no-sidebar","site-content-layout":"page-builder","ast-site-content-layout":"full-width-container","site-content-style":"default","site-sidebar-style":"default","ast-global-header-display":"","ast-banner-title-visibility":"","ast-main-header-display":"","ast-hfb-above-header-display":"","ast-hfb-below-header-display":"","ast-hfb-mobile-header-display":"","site-post-title":"disabled","ast-breadcrumbs-content":"","ast-featured-img":"disabled","footer-sml-layout":"","ast-disable-related-posts":"","theme-transparent-header-meta":"","adv-header-id-meta":"","stick-header-meta":"","header-above-stick-meta":"","header-main-stick-meta":"","header-below-stick-meta":"","astra-migrate-meta-layouts":"default","ast-page-background-enabled":"default","ast-page-background-meta":{"desktop":{"background-color":"var(--ast-global-color-4)","background-image":"","background-repeat":"repeat","background-position":"center center","background-size":"auto","background-attachment":"scroll","background-type":"","background-media":"","overlay-type":"","overlay-color":"","overlay-opacity":"","overlay-gradient":""},"tablet":{"background-color":"","background-image":"","background-repeat":"repeat","background-position":"center center","background-size":"auto","background-attachment":"scroll","background-type":"","background-media":"","overlay-type":"","overlay-color":"","overlay-opacity":"","overlay-gradient":""},"mobile":{"background-color":"","background-image":"","background-repeat":"repeat","background-position":"center center","background-size":"auto","background-attachment":"scroll","background-type":"","background-media":"","overlay-type":"","overlay-color":"","overlay-opacity":"","overlay-gradient":""}},"ast-content-background-meta":{"desktop":{"background-color":"var(--ast-global-color-5)","background-image":"","background-repeat":"repeat","background-position":"center center","background-size":"auto","background-attachment":"scroll","background-type":"","background-media":"","overlay-type":"","overlay-color":"","overlay-opacity":"","overlay-gradient":""},"tablet":{"background-color":"var(--ast-global-color-5)","background-image":"","background-repeat":"repeat","background-position":"center center","background-size":"auto","background-attachment":"scroll","background-type":"","background-media":"","overlay-type":"","overlay-color":"","overlay-opacity":"","overlay-gradient":""},"mobile":{"background-color":"var(--ast-global-color-5)","background-image":"","background-repeat":"repeat","background-position":"center center","background-size":"auto","background-attachment":"scroll","background-type":"","background-media":"","overlay-type":"","overlay-color":"","overlay-opacity":"","overlay-gradient":""}},"footnotes":""},"class_list":["post-17420","page","type-page","status-publish","has-post-thumbnail","hentry"],"_links":{"self":[{"href":"https:\/\/selectid.net\/de\/wp-json\/wp\/v2\/pages\/17420","targetHints":{"allow":["GET"]}}],"collection":[{"href":"https:\/\/selectid.net\/de\/wp-json\/wp\/v2\/pages"}],"about":[{"href":"https:\/\/selectid.net\/de\/wp-json\/wp\/v2\/types\/page"}],"author":[{"embeddable":true,"href":"https:\/\/selectid.net\/de\/wp-json\/wp\/v2\/users\/1"}],"replies":[{"embeddable":true,"href":"https:\/\/selectid.net\/de\/wp-json\/wp\/v2\/comments?post=17420"}],"version-history":[{"count":1,"href":"https:\/\/selectid.net\/de\/wp-json\/wp\/v2\/pages\/17420\/revisions"}],"predecessor-version":[{"id":17421,"href":"https:\/\/selectid.net\/de\/wp-json\/wp\/v2\/pages\/17420\/revisions\/17421"}],"wp:featuredmedia":[{"embeddable":true,"href":"https:\/\/selectid.net\/de\/wp-json\/wp\/v2\/media\/17393"}],"wp:attachment":[{"href":"https:\/\/selectid.net\/de\/wp-json\/wp\/v2\/media?parent=17420"}],"curies":[{"name":"wp","href":"https:\/\/api.w.org\/{rel}","templated":true}]}}