{"id":16668,"date":"2024-03-04T11:30:47","date_gmt":"2024-03-04T11:30:47","guid":{"rendered":"https:\/\/selectid.net\/simona-branca-selectid\/"},"modified":"2024-03-04T11:30:49","modified_gmt":"2024-03-04T11:30:49","slug":"simona-branca-selectid","status":"publish","type":"page","link":"https:\/\/selectid.net\/en\/simona-branca-selectid\/","title":{"rendered":"Simona Branca SelectID"},"content":{"rendered":"<div data-elementor-type=\"wp-page\" data-elementor-id=\"16668\" class=\"elementor elementor-16668\" data-elementor-post-type=\"page\">\n\t\t\t\t\t\t<section class=\"elementor-section elementor-top-section elementor-element elementor-element-9faec06 elementor-section-height-min-height elementor-section-content-middle elementor-section-boxed elementor-section-height-default elementor-section-items-middle\" data-id=\"9faec06\" data-element_type=\"section\" data-e-type=\"section\" data-settings=\"{&quot;background_background&quot;:&quot;classic&quot;}\">\n\t\t\t\t\t\t\t<div class=\"elementor-background-overlay\"><\/div>\n\t\t\t\t\t\t\t<div class=\"elementor-container elementor-column-gap-default\">\n\t\t\t\t\t<div class=\"elementor-column elementor-col-100 elementor-top-column elementor-element elementor-element-97105d7 elementor-invisible\" data-id=\"97105d7\" data-element_type=\"column\" data-e-type=\"column\" data-settings=\"{&quot;background_background&quot;:&quot;classic&quot;,&quot;animation&quot;:&quot;pulse&quot;}\">\n\t\t\t<div class=\"elementor-widget-wrap elementor-element-populated\">\n\t\t\t\t\t\t<div class=\"elementor-element elementor-element-e03ec9d elementor-position-top elementor-widget elementor-widget-image-box\" data-id=\"e03ec9d\" data-element_type=\"widget\" data-e-type=\"widget\" data-widget_type=\"image-box.default\">\n\t\t\t\t<div class=\"elementor-widget-container\">\n\t\t\t\t\t<div class=\"elementor-image-box-wrapper\"><figure class=\"elementor-image-box-img\"><a href=\"https:\/\/drive.usercontent.google.com\/u\/0\/uc?id=1B6-Xe88tfCBp9fTLbOtiT9bLT6CoPt0v&#038;export=download\" tabindex=\"-1\" target=\"_blank\" rel=\"noopener\"><img fetchpriority=\"high\" decoding=\"async\" width=\"1000\" height=\"1000\" src=\"https:\/\/selectid.net\/wp-content\/uploads\/2024\/02\/Simona-Branca-Agente.webp\" class=\"attachment-full size-full wp-image-16639\" alt=\"\" srcset=\"https:\/\/selectid.net\/wp-content\/uploads\/2024\/02\/Simona-Branca-Agente.webp 1000w, https:\/\/selectid.net\/wp-content\/uploads\/2024\/02\/Simona-Branca-Agente-300x300.webp 300w, https:\/\/selectid.net\/wp-content\/uploads\/2024\/02\/Simona-Branca-Agente-150x150.webp 150w, https:\/\/selectid.net\/wp-content\/uploads\/2024\/02\/Simona-Branca-Agente-768x768.webp 768w, https:\/\/selectid.net\/wp-content\/uploads\/2024\/02\/Simona-Branca-Agente-500x500.webp 500w, https:\/\/selectid.net\/wp-content\/uploads\/2024\/02\/Simona-Branca-Agente-800x800.webp 800w\" sizes=\"(max-width: 1000px) 100vw, 1000px\" \/><\/a><\/figure><div class=\"elementor-image-box-content\"><h3 class=\"elementor-image-box-title\"><a href=\"https:\/\/drive.usercontent.google.com\/u\/0\/uc?id=1B6-Xe88tfCBp9fTLbOtiT9bLT6CoPt0v&#038;export=download\" target=\"_blank\" rel=\"noopener\">Simona Maria Branca<\/a><\/h3><p class=\"elementor-image-box-description\">Real Estate Broker<\/p><\/div><\/div>\t\t\t\t<\/div>\n\t\t\t\t<\/div>\n\t\t\t\t<div class=\"elementor-element elementor-element-c64333f elementor-widget elementor-widget-heading\" data-id=\"c64333f\" data-element_type=\"widget\" data-e-type=\"widget\" data-widget_type=\"heading.default\">\n\t\t\t\t<div class=\"elementor-widget-container\">\n\t\t\t\t\t<h2 class=\"elementor-heading-title elementor-size-default\">Our services<\/h2>\t\t\t\t<\/div>\n\t\t\t\t<\/div>\n\t\t\t\t<section class=\"elementor-section elementor-inner-section elementor-element elementor-element-8a9ef92 elementor-section-boxed elementor-section-height-default elementor-section-height-default\" data-id=\"8a9ef92\" data-element_type=\"section\" data-e-type=\"section\">\n\t\t\t\t\t\t<div class=\"elementor-container elementor-column-gap-default\">\n\t\t\t\t\t<div class=\"elementor-column elementor-col-33 elementor-inner-column elementor-element elementor-element-55edf63\" data-id=\"55edf63\" data-element_type=\"column\" data-e-type=\"column\">\n\t\t\t<div class=\"elementor-widget-wrap elementor-element-populated\">\n\t\t\t\t\t\t<div class=\"elementor-element elementor-element-1dff958 elementor-position-top elementor-widget elementor-widget-image-box\" data-id=\"1dff958\" data-element_type=\"widget\" data-e-type=\"widget\" data-widget_type=\"image-box.default\">\n\t\t\t\t<div class=\"elementor-widget-container\">\n\t\t\t\t\t<div class=\"elementor-image-box-wrapper\"><figure class=\"elementor-image-box-img\"><a href=\"https:\/\/drive.usercontent.google.com\/u\/0\/uc?id=1B6-Xe88tfCBp9fTLbOtiT9bLT6CoPt0v&#038;export=download\" tabindex=\"-1\" target=\"_blank\" rel=\"noopener\"><img decoding=\"async\" width=\"512\" height=\"512\" src=\"https:\/\/selectid.net\/wp-content\/uploads\/2024\/01\/business-card-design.webp\" class=\"attachment-full size-full wp-image-16296\" alt=\"\" srcset=\"https:\/\/selectid.net\/wp-content\/uploads\/2024\/01\/business-card-design.webp 512w, https:\/\/selectid.net\/wp-content\/uploads\/2024\/01\/business-card-design-300x300.webp 300w, https:\/\/selectid.net\/wp-content\/uploads\/2024\/01\/business-card-design-150x150.webp 150w, https:\/\/selectid.net\/wp-content\/uploads\/2024\/01\/business-card-design-500x500.webp 500w\" sizes=\"(max-width: 512px) 100vw, 512px\" \/><\/a><\/figure><div class=\"elementor-image-box-content\"><h3 class=\"elementor-image-box-title\"><a href=\"https:\/\/drive.usercontent.google.com\/u\/0\/uc?id=1B6-Xe88tfCBp9fTLbOtiT9bLT6CoPt0v&#038;export=download\" target=\"_blank\" rel=\"noopener\">Add my contact<\/a><\/h3><\/div><\/div>\t\t\t\t<\/div>\n\t\t\t\t<\/div>\n\t\t\t\t\t<\/div>\n\t\t<\/div>\n\t\t\t\t<div class=\"elementor-column elementor-col-33 elementor-inner-column elementor-element elementor-element-212bf4d\" data-id=\"212bf4d\" data-element_type=\"column\" data-e-type=\"column\">\n\t\t\t<div class=\"elementor-widget-wrap elementor-element-populated\">\n\t\t\t\t\t\t<div class=\"elementor-element elementor-element-61d44ab elementor-position-top elementor-widget elementor-widget-image-box\" data-id=\"61d44ab\" data-element_type=\"widget\" data-e-type=\"widget\" data-widget_type=\"image-box.default\">\n\t\t\t\t<div class=\"elementor-widget-container\">\n\t\t\t\t\t<div class=\"elementor-image-box-wrapper\"><figure class=\"elementor-image-box-img\"><a href=\"https:\/\/simonabranca.com\/prop-search\/\" tabindex=\"-1\" target=\"_blank\" rel=\"noopener\"><img decoding=\"async\" width=\"512\" height=\"512\" src=\"https:\/\/selectid.net\/wp-content\/uploads\/2024\/01\/new-house.webp\" class=\"attachment-full size-full wp-image-16280\" alt=\"\" srcset=\"https:\/\/selectid.net\/wp-content\/uploads\/2024\/01\/new-house.webp 512w, https:\/\/selectid.net\/wp-content\/uploads\/2024\/01\/new-house-300x300.webp 300w, https:\/\/selectid.net\/wp-content\/uploads\/2024\/01\/new-house-150x150.webp 150w, https:\/\/selectid.net\/wp-content\/uploads\/2024\/01\/new-house-500x500.webp 500w\" sizes=\"(max-width: 512px) 100vw, 512px\" \/><\/a><\/figure><div class=\"elementor-image-box-content\"><h3 class=\"elementor-image-box-title\"><a href=\"https:\/\/simonabranca.com\/prop-search\/\" target=\"_blank\" rel=\"noopener\">View all properties<\/a><\/h3><\/div><\/div>\t\t\t\t<\/div>\n\t\t\t\t<\/div>\n\t\t\t\t\t<\/div>\n\t\t<\/div>\n\t\t\t\t<div class=\"elementor-column elementor-col-33 elementor-inner-column elementor-element elementor-element-67bc924\" data-id=\"67bc924\" data-element_type=\"column\" data-e-type=\"column\">\n\t\t\t<div class=\"elementor-widget-wrap elementor-element-populated\">\n\t\t\t\t\t\t<div class=\"elementor-element elementor-element-09bdc61 elementor-position-top elementor-widget elementor-widget-image-box\" data-id=\"09bdc61\" data-element_type=\"widget\" data-e-type=\"widget\" data-widget_type=\"image-box.default\">\n\t\t\t\t<div class=\"elementor-widget-container\">\n\t\t\t\t\t<div class=\"elementor-image-box-wrapper\"><figure class=\"elementor-image-box-img\"><a href=\"https:\/\/simonabranca.com\/\" tabindex=\"-1\" target=\"_blank\" rel=\"noopener\"><img loading=\"lazy\" decoding=\"async\" width=\"512\" height=\"512\" src=\"https:\/\/selectid.net\/wp-content\/uploads\/2024\/01\/browser.webp\" class=\"attachment-full size-full wp-image-16288\" alt=\"\" srcset=\"https:\/\/selectid.net\/wp-content\/uploads\/2024\/01\/browser.webp 512w, https:\/\/selectid.net\/wp-content\/uploads\/2024\/01\/browser-300x300.webp 300w, https:\/\/selectid.net\/wp-content\/uploads\/2024\/01\/browser-150x150.webp 150w, https:\/\/selectid.net\/wp-content\/uploads\/2024\/01\/browser-500x500.webp 500w\" sizes=\"(max-width: 512px) 100vw, 512px\" \/><\/a><\/figure><div class=\"elementor-image-box-content\"><h3 class=\"elementor-image-box-title\"><a href=\"https:\/\/simonabranca.com\/\" target=\"_blank\" rel=\"noopener\">Visit our website<\/a><\/h3><\/div><\/div>\t\t\t\t<\/div>\n\t\t\t\t<\/div>\n\t\t\t\t\t<\/div>\n\t\t<\/div>\n\t\t\t\t\t<\/div>\n\t\t<\/section>\n\t\t\t\t<div class=\"elementor-element elementor-element-1bad1ee elementor-widget elementor-widget-heading\" data-id=\"1bad1ee\" data-element_type=\"widget\" data-e-type=\"widget\" data-widget_type=\"heading.default\">\n\t\t\t\t<div class=\"elementor-widget-container\">\n\t\t\t\t\t<h2 class=\"elementor-heading-title elementor-size-default\">Contact us at<\/h2>\t\t\t\t<\/div>\n\t\t\t\t<\/div>\n\t\t\t\t<section class=\"elementor-section elementor-inner-section elementor-element elementor-element-70b0ecc elementor-section-boxed elementor-section-height-default elementor-section-height-default\" data-id=\"70b0ecc\" data-element_type=\"section\" data-e-type=\"section\">\n\t\t\t\t\t\t<div class=\"elementor-container elementor-column-gap-default\">\n\t\t\t\t\t<div class=\"elementor-column elementor-col-33 elementor-inner-column elementor-element elementor-element-a003759\" data-id=\"a003759\" data-element_type=\"column\" data-e-type=\"column\">\n\t\t\t<div class=\"elementor-widget-wrap elementor-element-populated\">\n\t\t\t\t\t\t<div class=\"elementor-element elementor-element-c2d5582 elementor-position-top elementor-widget elementor-widget-image-box\" data-id=\"c2d5582\" data-element_type=\"widget\" data-e-type=\"widget\" data-widget_type=\"image-box.default\">\n\t\t\t\t<div class=\"elementor-widget-container\">\n\t\t\t\t\t<div class=\"elementor-image-box-wrapper\"><figure class=\"elementor-image-box-img\"><a href=\"https:\/\/wa.me\/34603182978\" tabindex=\"-1\" target=\"_blank\" rel=\"noopener\"><img loading=\"lazy\" decoding=\"async\" width=\"512\" height=\"512\" src=\"https:\/\/selectid.net\/wp-content\/uploads\/2024\/01\/whatsapp.webp\" class=\"attachment-full size-full wp-image-16316\" alt=\"\" srcset=\"https:\/\/selectid.net\/wp-content\/uploads\/2024\/01\/whatsapp.webp 512w, https:\/\/selectid.net\/wp-content\/uploads\/2024\/01\/whatsapp-300x300.webp 300w, https:\/\/selectid.net\/wp-content\/uploads\/2024\/01\/whatsapp-150x150.webp 150w, https:\/\/selectid.net\/wp-content\/uploads\/2024\/01\/whatsapp-500x500.webp 500w\" sizes=\"(max-width: 512px) 100vw, 512px\" \/><\/a><\/figure><div class=\"elementor-image-box-content\"><h3 class=\"elementor-image-box-title\"><a href=\"https:\/\/wa.me\/34603182978\" target=\"_blank\" rel=\"noopener\">Contact by WhatsApp<\/a><\/h3><\/div><\/div>\t\t\t\t<\/div>\n\t\t\t\t<\/div>\n\t\t\t\t\t<\/div>\n\t\t<\/div>\n\t\t\t\t<div class=\"elementor-column elementor-col-33 elementor-inner-column elementor-element elementor-element-2b0cd69\" data-id=\"2b0cd69\" data-element_type=\"column\" data-e-type=\"column\">\n\t\t\t<div class=\"elementor-widget-wrap elementor-element-populated\">\n\t\t\t\t\t\t<div class=\"elementor-element elementor-element-3ec1d7a elementor-position-top elementor-widget elementor-widget-image-box\" data-id=\"3ec1d7a\" data-element_type=\"widget\" data-e-type=\"widget\" data-widget_type=\"image-box.default\">\n\t\t\t\t<div class=\"elementor-widget-container\">\n\t\t\t\t\t<div class=\"elementor-image-box-wrapper\"><figure class=\"elementor-image-box-img\"><a href=\"tel:+34603182978\" tabindex=\"-1\"><img loading=\"lazy\" decoding=\"async\" width=\"512\" height=\"512\" src=\"https:\/\/selectid.net\/wp-content\/uploads\/2024\/01\/call-out.webp\" class=\"attachment-full size-full wp-image-16308\" alt=\"\" srcset=\"https:\/\/selectid.net\/wp-content\/uploads\/2024\/01\/call-out.webp 512w, https:\/\/selectid.net\/wp-content\/uploads\/2024\/01\/call-out-300x300.webp 300w, https:\/\/selectid.net\/wp-content\/uploads\/2024\/01\/call-out-150x150.webp 150w, https:\/\/selectid.net\/wp-content\/uploads\/2024\/01\/call-out-500x500.webp 500w\" sizes=\"(max-width: 512px) 100vw, 512px\" \/><\/a><\/figure><div class=\"elementor-image-box-content\"><h3 class=\"elementor-image-box-title\"><a href=\"tel:+34603182978\">Contact by phone<\/a><\/h3><\/div><\/div>\t\t\t\t<\/div>\n\t\t\t\t<\/div>\n\t\t\t\t\t<\/div>\n\t\t<\/div>\n\t\t\t\t<div class=\"elementor-column elementor-col-33 elementor-inner-column elementor-element elementor-element-d1b8238\" data-id=\"d1b8238\" data-element_type=\"column\" data-e-type=\"column\">\n\t\t\t<div class=\"elementor-widget-wrap elementor-element-populated\">\n\t\t\t\t\t\t<div class=\"elementor-element elementor-element-1fe129e elementor-position-top elementor-widget elementor-widget-image-box\" data-id=\"1fe129e\" data-element_type=\"widget\" data-e-type=\"widget\" data-widget_type=\"image-box.default\">\n\t\t\t\t<div class=\"elementor-widget-container\">\n\t\t\t\t\t<div class=\"elementor-image-box-wrapper\"><figure class=\"elementor-image-box-img\"><a href=\"mailto:info@simonabranca.com\" tabindex=\"-1\"><img loading=\"lazy\" decoding=\"async\" width=\"512\" height=\"512\" src=\"https:\/\/selectid.net\/wp-content\/uploads\/2024\/01\/write.webp\" class=\"attachment-full size-full wp-image-16324\" alt=\"\" srcset=\"https:\/\/selectid.net\/wp-content\/uploads\/2024\/01\/write.webp 512w, https:\/\/selectid.net\/wp-content\/uploads\/2024\/01\/write-300x300.webp 300w, https:\/\/selectid.net\/wp-content\/uploads\/2024\/01\/write-150x150.webp 150w, https:\/\/selectid.net\/wp-content\/uploads\/2024\/01\/write-500x500.webp 500w\" sizes=\"(max-width: 512px) 100vw, 512px\" \/><\/a><\/figure><div class=\"elementor-image-box-content\"><h3 class=\"elementor-image-box-title\"><a href=\"mailto:info@simonabranca.com\">Send us an email<\/a><\/h3><\/div><\/div>\t\t\t\t<\/div>\n\t\t\t\t<\/div>\n\t\t\t\t\t<\/div>\n\t\t<\/div>\n\t\t\t\t\t<\/div>\n\t\t<\/section>\n\t\t\t\t<section class=\"elementor-section elementor-inner-section elementor-element elementor-element-aa321ac elementor-hidden-desktop elementor-hidden-tablet elementor-hidden-mobile elementor-section-boxed elementor-section-height-default elementor-section-height-default\" data-id=\"aa321ac\" data-element_type=\"section\" data-e-type=\"section\">\n\t\t\t\t\t\t<div class=\"elementor-container elementor-column-gap-default\">\n\t\t\t\t\t<div class=\"elementor-column elementor-col-100 elementor-inner-column elementor-element elementor-element-554b0dc\" data-id=\"554b0dc\" data-element_type=\"column\" data-e-type=\"column\" data-settings=\"{&quot;background_background&quot;:&quot;classic&quot;}\">\n\t\t\t<div class=\"elementor-widget-wrap elementor-element-populated\">\n\t\t\t\t\t\t<div class=\"elementor-element elementor-element-a3aab2b elementor-widget elementor-widget-heading\" data-id=\"a3aab2b\" data-element_type=\"widget\" data-e-type=\"widget\" data-widget_type=\"heading.default\">\n\t\t\t\t<div class=\"elementor-widget-container\">\n\t\t\t\t\t<h2 class=\"elementor-heading-title elementor-size-default\">Our location<\/h2>\t\t\t\t<\/div>\n\t\t\t\t<\/div>\n\t\t\t\t\t<\/div>\n\t\t<\/div>\n\t\t\t\t\t<\/div>\n\t\t<\/section>\n\t\t\t\t\t<\/div>\n\t\t<\/div>\n\t\t\t\t\t<\/div>\n\t\t<\/section>\n\t\t\t\t<\/div>","protected":false},"excerpt":{"rendered":"<p>Simona Mar\u00eda Branca Broker Inmobiliario Nuestros servicios A\u00f1adir mi contacto Ver todas las propiedades Visita nuestro website Cont\u00e1ctanos Contactar por WhatsApp Contact por tel\u00e9fono Env\u00edanos un email Nuestra ubicaci\u00f3n<\/p>","protected":false},"author":1,"featured_media":17788,"parent":0,"menu_order":0,"comment_status":"closed","ping_status":"closed","template":"elementor_canvas","meta":{"site-sidebar-layout":"no-sidebar","site-content-layout":"page-builder","ast-site-content-layout":"full-width-container","site-content-style":"default","site-sidebar-style":"default","ast-global-header-display":"","ast-banner-title-visibility":"","ast-main-header-display":"","ast-hfb-above-header-display":"","ast-hfb-below-header-display":"","ast-hfb-mobile-header-display":"","site-post-title":"disabled","ast-breadcrumbs-content":"","ast-featured-img":"disabled","footer-sml-layout":"","ast-disable-related-posts":"","theme-transparent-header-meta":"","adv-header-id-meta":"","stick-header-meta":"","header-above-stick-meta":"","header-main-stick-meta":"","header-below-stick-meta":"","astra-migrate-meta-layouts":"default","ast-page-background-enabled":"default","ast-page-background-meta":{"desktop":{"background-color":"var(--ast-global-color-4)","background-image":"","background-repeat":"repeat","background-position":"center center","background-size":"auto","background-attachment":"scroll","background-type":"","background-media":"","overlay-type":"","overlay-color":"","overlay-opacity":"","overlay-gradient":""},"tablet":{"background-color":"","background-image":"","background-repeat":"repeat","background-position":"center center","background-size":"auto","background-attachment":"scroll","background-type":"","background-media":"","overlay-type":"","overlay-color":"","overlay-opacity":"","overlay-gradient":""},"mobile":{"background-color":"","background-image":"","background-repeat":"repeat","background-position":"center center","background-size":"auto","background-attachment":"scroll","background-type":"","background-media":"","overlay-type":"","overlay-color":"","overlay-opacity":"","overlay-gradient":""}},"ast-content-background-meta":{"desktop":{"background-color":"var(--ast-global-color-5)","background-image":"","background-repeat":"repeat","background-position":"center center","background-size":"auto","background-attachment":"scroll","background-type":"","background-media":"","overlay-type":"","overlay-color":"","overlay-opacity":"","overlay-gradient":""},"tablet":{"background-color":"var(--ast-global-color-5)","background-image":"","background-repeat":"repeat","background-position":"center center","background-size":"auto","background-attachment":"scroll","background-type":"","background-media":"","overlay-type":"","overlay-color":"","overlay-opacity":"","overlay-gradient":""},"mobile":{"background-color":"var(--ast-global-color-5)","background-image":"","background-repeat":"repeat","background-position":"center center","background-size":"auto","background-attachment":"scroll","background-type":"","background-media":"","overlay-type":"","overlay-color":"","overlay-opacity":"","overlay-gradient":""}},"footnotes":""},"class_list":["post-16668","page","type-page","status-publish","has-post-thumbnail","hentry"],"_links":{"self":[{"href":"https:\/\/selectid.net\/en\/wp-json\/wp\/v2\/pages\/16668","targetHints":{"allow":["GET"]}}],"collection":[{"href":"https:\/\/selectid.net\/en\/wp-json\/wp\/v2\/pages"}],"about":[{"href":"https:\/\/selectid.net\/en\/wp-json\/wp\/v2\/types\/page"}],"author":[{"embeddable":true,"href":"https:\/\/selectid.net\/en\/wp-json\/wp\/v2\/users\/1"}],"replies":[{"embeddable":true,"href":"https:\/\/selectid.net\/en\/wp-json\/wp\/v2\/comments?post=16668"}],"version-history":[{"count":3,"href":"https:\/\/selectid.net\/en\/wp-json\/wp\/v2\/pages\/16668\/revisions"}],"predecessor-version":[{"id":16671,"href":"https:\/\/selectid.net\/en\/wp-json\/wp\/v2\/pages\/16668\/revisions\/16671"}],"wp:featuredmedia":[{"embeddable":true,"href":"https:\/\/selectid.net\/en\/wp-json\/wp\/v2\/media\/17788"}],"wp:attachment":[{"href":"https:\/\/selectid.net\/en\/wp-json\/wp\/v2\/media?parent=16668"}],"curies":[{"name":"wp","href":"https:\/\/api.w.org\/{rel}","templated":true}]}}