{"id":15796,"date":"2023-11-27T12:45:50","date_gmt":"2023-11-27T12:45:50","guid":{"rendered":"https:\/\/selectid.net\/spanish-properties-nicolas\/"},"modified":"2024-01-26T12:05:16","modified_gmt":"2024-01-26T12:05:16","slug":"spanish-properties-nicolas","status":"publish","type":"page","link":"https:\/\/selectid.net\/pl\/spanish-properties-nicolas\/","title":{"rendered":"Spanish Properties Nicolas"},"content":{"rendered":"<div data-elementor-type=\"wp-page\" data-elementor-id=\"15796\" class=\"elementor elementor-15796\" data-elementor-post-type=\"page\">\n\t\t\t\t\t\t<section class=\"elementor-section elementor-top-section elementor-element elementor-element-6214ae9 elementor-section-height-min-height elementor-section-content-middle elementor-section-boxed elementor-section-height-default elementor-section-items-middle\" data-id=\"6214ae9\" data-element_type=\"section\" data-e-type=\"section\" data-settings=\"{&quot;background_background&quot;:&quot;classic&quot;}\">\n\t\t\t\t\t\t\t<div class=\"elementor-background-overlay\"><\/div>\n\t\t\t\t\t\t\t<div class=\"elementor-container elementor-column-gap-default\">\n\t\t\t\t\t<div class=\"elementor-column elementor-col-100 elementor-top-column elementor-element elementor-element-9c63c7b elementor-invisible\" data-id=\"9c63c7b\" data-element_type=\"column\" data-e-type=\"column\" data-settings=\"{&quot;background_background&quot;:&quot;classic&quot;,&quot;animation&quot;:&quot;pulse&quot;}\">\n\t\t\t<div class=\"elementor-widget-wrap elementor-element-populated\">\n\t\t\t\t\t\t<div class=\"elementor-element elementor-element-8adc721 elementor-position-top elementor-widget elementor-widget-image-box\" data-id=\"8adc721\" data-element_type=\"widget\" data-e-type=\"widget\" data-widget_type=\"image-box.default\">\n\t\t\t\t<div class=\"elementor-widget-container\">\n\t\t\t\t\t<div class=\"elementor-image-box-wrapper\"><figure class=\"elementor-image-box-img\"><img fetchpriority=\"high\" decoding=\"async\" width=\"1500\" height=\"1500\" src=\"https:\/\/selectid.net\/wp-content\/uploads\/2024\/01\/Nicolas-Perfil.webp\" class=\"attachment-full size-full wp-image-16391\" alt=\"\" srcset=\"https:\/\/selectid.net\/wp-content\/uploads\/2024\/01\/Nicolas-Perfil.webp 1500w, https:\/\/selectid.net\/wp-content\/uploads\/2024\/01\/Nicolas-Perfil-300x300.webp 300w, https:\/\/selectid.net\/wp-content\/uploads\/2024\/01\/Nicolas-Perfil-1024x1024.webp 1024w, https:\/\/selectid.net\/wp-content\/uploads\/2024\/01\/Nicolas-Perfil-150x150.webp 150w, https:\/\/selectid.net\/wp-content\/uploads\/2024\/01\/Nicolas-Perfil-768x768.webp 768w, https:\/\/selectid.net\/wp-content\/uploads\/2024\/01\/Nicolas-Perfil-500x500.webp 500w, https:\/\/selectid.net\/wp-content\/uploads\/2024\/01\/Nicolas-Perfil-800x800.webp 800w, https:\/\/selectid.net\/wp-content\/uploads\/2024\/01\/Nicolas-Perfil-1280x1280.webp 1280w\" sizes=\"(max-width: 1500px) 100vw, 1500px\" \/><\/figure><div class=\"elementor-image-box-content\"><h3 class=\"elementor-image-box-title\">Umberto Sindona Nicolas<\/h3><p class=\"elementor-image-box-description\">Real Estate Broker<\/p><\/div><\/div>\t\t\t\t<\/div>\n\t\t\t\t<\/div>\n\t\t\t\t<div class=\"elementor-element elementor-element-f4bd441 elementor-widget elementor-widget-heading\" data-id=\"f4bd441\" data-element_type=\"widget\" data-e-type=\"widget\" data-widget_type=\"heading.default\">\n\t\t\t\t<div class=\"elementor-widget-container\">\n\t\t\t\t\t<h2 class=\"elementor-heading-title elementor-size-default\">Nasze us\u0142ugi<\/h2>\t\t\t\t<\/div>\n\t\t\t\t<\/div>\n\t\t\t\t<section class=\"elementor-section elementor-inner-section elementor-element elementor-element-fba69d1 elementor-section-boxed elementor-section-height-default elementor-section-height-default\" data-id=\"fba69d1\" data-element_type=\"section\" data-e-type=\"section\">\n\t\t\t\t\t\t<div class=\"elementor-container elementor-column-gap-default\">\n\t\t\t\t\t<div class=\"elementor-column elementor-col-33 elementor-inner-column elementor-element elementor-element-ba02b49\" data-id=\"ba02b49\" data-element_type=\"column\" data-e-type=\"column\">\n\t\t\t<div class=\"elementor-widget-wrap elementor-element-populated\">\n\t\t\t\t\t\t<div class=\"elementor-element elementor-element-947d21e elementor-position-top elementor-widget elementor-widget-image-box\" data-id=\"947d21e\" data-element_type=\"widget\" data-e-type=\"widget\" data-widget_type=\"image-box.default\">\n\t\t\t\t<div class=\"elementor-widget-container\">\n\t\t\t\t\t<div class=\"elementor-image-box-wrapper\"><figure class=\"elementor-image-box-img\"><a href=\"https:\/\/drive.usercontent.google.com\/u\/0\/uc?id=1oKcOo5pUzbQC8wsB9k5DYJffgvHG1RKb&#038;export=download\" tabindex=\"-1\" target=\"_blank\" rel=\"noopener\"><img decoding=\"async\" width=\"512\" height=\"512\" src=\"https:\/\/selectid.net\/wp-content\/uploads\/2024\/01\/business-card-design.webp\" class=\"attachment-full size-full wp-image-16296\" alt=\"\" srcset=\"https:\/\/selectid.net\/wp-content\/uploads\/2024\/01\/business-card-design.webp 512w, https:\/\/selectid.net\/wp-content\/uploads\/2024\/01\/business-card-design-300x300.webp 300w, https:\/\/selectid.net\/wp-content\/uploads\/2024\/01\/business-card-design-150x150.webp 150w, https:\/\/selectid.net\/wp-content\/uploads\/2024\/01\/business-card-design-500x500.webp 500w\" sizes=\"(max-width: 512px) 100vw, 512px\" \/><\/a><\/figure><div class=\"elementor-image-box-content\"><h3 class=\"elementor-image-box-title\"><a href=\"https:\/\/drive.usercontent.google.com\/u\/0\/uc?id=1oKcOo5pUzbQC8wsB9k5DYJffgvHG1RKb&#038;export=download\" target=\"_blank\" rel=\"noopener\">Dodaj m\u00f3j kontakt<\/a><\/h3><\/div><\/div>\t\t\t\t<\/div>\n\t\t\t\t<\/div>\n\t\t\t\t\t<\/div>\n\t\t<\/div>\n\t\t\t\t<div class=\"elementor-column elementor-col-33 elementor-inner-column elementor-element elementor-element-e7e1ee3\" data-id=\"e7e1ee3\" data-element_type=\"column\" data-e-type=\"column\">\n\t\t\t<div class=\"elementor-widget-wrap elementor-element-populated\">\n\t\t\t\t\t\t<div class=\"elementor-element elementor-element-55e6e39 elementor-position-top elementor-widget elementor-widget-image-box\" data-id=\"55e6e39\" data-element_type=\"widget\" data-e-type=\"widget\" data-widget_type=\"image-box.default\">\n\t\t\t\t<div class=\"elementor-widget-container\">\n\t\t\t\t\t<div class=\"elementor-image-box-wrapper\"><figure class=\"elementor-image-box-img\"><a href=\"https:\/\/spanishpropertiesre.com\/propiedades\/\" tabindex=\"-1\" target=\"_blank\" rel=\"noopener\"><img decoding=\"async\" width=\"512\" height=\"512\" src=\"https:\/\/selectid.net\/wp-content\/uploads\/2024\/01\/new-house.webp\" class=\"attachment-full size-full wp-image-16280\" alt=\"\" srcset=\"https:\/\/selectid.net\/wp-content\/uploads\/2024\/01\/new-house.webp 512w, https:\/\/selectid.net\/wp-content\/uploads\/2024\/01\/new-house-300x300.webp 300w, https:\/\/selectid.net\/wp-content\/uploads\/2024\/01\/new-house-150x150.webp 150w, https:\/\/selectid.net\/wp-content\/uploads\/2024\/01\/new-house-500x500.webp 500w\" sizes=\"(max-width: 512px) 100vw, 512px\" \/><\/a><\/figure><div class=\"elementor-image-box-content\"><h3 class=\"elementor-image-box-title\"><a href=\"https:\/\/spanishpropertiesre.com\/propiedades\/\" target=\"_blank\" rel=\"noopener\">Wy\u015bwietl wszystkie nieruchomo\u015bci<\/a><\/h3><\/div><\/div>\t\t\t\t<\/div>\n\t\t\t\t<\/div>\n\t\t\t\t\t<\/div>\n\t\t<\/div>\n\t\t\t\t<div class=\"elementor-column elementor-col-33 elementor-inner-column elementor-element elementor-element-9cb5cf0\" data-id=\"9cb5cf0\" data-element_type=\"column\" data-e-type=\"column\">\n\t\t\t<div class=\"elementor-widget-wrap elementor-element-populated\">\n\t\t\t\t\t\t<div class=\"elementor-element elementor-element-a7b2a7c elementor-position-top elementor-widget elementor-widget-image-box\" data-id=\"a7b2a7c\" data-element_type=\"widget\" data-e-type=\"widget\" data-widget_type=\"image-box.default\">\n\t\t\t\t<div class=\"elementor-widget-container\">\n\t\t\t\t\t<div class=\"elementor-image-box-wrapper\"><figure class=\"elementor-image-box-img\"><a href=\"https:\/\/spanishpropertiesre.com\/\" tabindex=\"-1\" target=\"_blank\" rel=\"noopener\"><img loading=\"lazy\" decoding=\"async\" width=\"512\" height=\"512\" src=\"https:\/\/selectid.net\/wp-content\/uploads\/2024\/01\/browser.webp\" class=\"attachment-full size-full wp-image-16288\" alt=\"\" srcset=\"https:\/\/selectid.net\/wp-content\/uploads\/2024\/01\/browser.webp 512w, https:\/\/selectid.net\/wp-content\/uploads\/2024\/01\/browser-300x300.webp 300w, https:\/\/selectid.net\/wp-content\/uploads\/2024\/01\/browser-150x150.webp 150w, https:\/\/selectid.net\/wp-content\/uploads\/2024\/01\/browser-500x500.webp 500w\" sizes=\"(max-width: 512px) 100vw, 512px\" \/><\/a><\/figure><div class=\"elementor-image-box-content\"><h3 class=\"elementor-image-box-title\"><a href=\"https:\/\/spanishpropertiesre.com\/\" target=\"_blank\" rel=\"noopener\">Odwied\u017a nasz\u0105 stron\u0119 internetow\u0105<\/a><\/h3><\/div><\/div>\t\t\t\t<\/div>\n\t\t\t\t<\/div>\n\t\t\t\t\t<\/div>\n\t\t<\/div>\n\t\t\t\t\t<\/div>\n\t\t<\/section>\n\t\t\t\t<div class=\"elementor-element elementor-element-f363e48 elementor-widget elementor-widget-heading\" data-id=\"f363e48\" data-element_type=\"widget\" data-e-type=\"widget\" data-widget_type=\"heading.default\">\n\t\t\t\t<div class=\"elementor-widget-container\">\n\t\t\t\t\t<h2 class=\"elementor-heading-title elementor-size-default\">Skontaktuj si\u0119 z nami pod adresem<\/h2>\t\t\t\t<\/div>\n\t\t\t\t<\/div>\n\t\t\t\t<section class=\"elementor-section elementor-inner-section elementor-element elementor-element-3ae2a0a elementor-section-boxed elementor-section-height-default elementor-section-height-default\" data-id=\"3ae2a0a\" data-element_type=\"section\" data-e-type=\"section\">\n\t\t\t\t\t\t<div class=\"elementor-container elementor-column-gap-default\">\n\t\t\t\t\t<div class=\"elementor-column elementor-col-33 elementor-inner-column elementor-element elementor-element-6b1402d\" data-id=\"6b1402d\" data-element_type=\"column\" data-e-type=\"column\">\n\t\t\t<div class=\"elementor-widget-wrap elementor-element-populated\">\n\t\t\t\t\t\t<div class=\"elementor-element elementor-element-7080104 elementor-position-top elementor-widget elementor-widget-image-box\" data-id=\"7080104\" data-element_type=\"widget\" data-e-type=\"widget\" data-widget_type=\"image-box.default\">\n\t\t\t\t<div class=\"elementor-widget-container\">\n\t\t\t\t\t<div class=\"elementor-image-box-wrapper\"><figure class=\"elementor-image-box-img\"><a href=\"https:\/\/wa.me\/34643391401\" tabindex=\"-1\" target=\"_blank\" rel=\"noopener\"><img loading=\"lazy\" decoding=\"async\" width=\"512\" height=\"512\" src=\"https:\/\/selectid.net\/wp-content\/uploads\/2024\/01\/whatsapp.webp\" class=\"attachment-full size-full wp-image-16316\" alt=\"\" srcset=\"https:\/\/selectid.net\/wp-content\/uploads\/2024\/01\/whatsapp.webp 512w, https:\/\/selectid.net\/wp-content\/uploads\/2024\/01\/whatsapp-300x300.webp 300w, https:\/\/selectid.net\/wp-content\/uploads\/2024\/01\/whatsapp-150x150.webp 150w, https:\/\/selectid.net\/wp-content\/uploads\/2024\/01\/whatsapp-500x500.webp 500w\" sizes=\"(max-width: 512px) 100vw, 512px\" \/><\/a><\/figure><div class=\"elementor-image-box-content\"><h3 class=\"elementor-image-box-title\"><a href=\"https:\/\/wa.me\/34643391401\" target=\"_blank\" rel=\"noopener\">Kontakt przez WhatsApp<\/a><\/h3><\/div><\/div>\t\t\t\t<\/div>\n\t\t\t\t<\/div>\n\t\t\t\t\t<\/div>\n\t\t<\/div>\n\t\t\t\t<div class=\"elementor-column elementor-col-33 elementor-inner-column elementor-element elementor-element-bb40b94\" data-id=\"bb40b94\" data-element_type=\"column\" data-e-type=\"column\">\n\t\t\t<div class=\"elementor-widget-wrap elementor-element-populated\">\n\t\t\t\t\t\t<div class=\"elementor-element elementor-element-ea93544 elementor-position-top elementor-widget elementor-widget-image-box\" data-id=\"ea93544\" data-element_type=\"widget\" data-e-type=\"widget\" data-widget_type=\"image-box.default\">\n\t\t\t\t<div class=\"elementor-widget-container\">\n\t\t\t\t\t<div class=\"elementor-image-box-wrapper\"><figure class=\"elementor-image-box-img\"><a href=\"tel:+34643391401\" tabindex=\"-1\"><img loading=\"lazy\" decoding=\"async\" width=\"512\" height=\"512\" src=\"https:\/\/selectid.net\/wp-content\/uploads\/2024\/01\/call-out.webp\" class=\"attachment-full size-full wp-image-16308\" alt=\"\" srcset=\"https:\/\/selectid.net\/wp-content\/uploads\/2024\/01\/call-out.webp 512w, https:\/\/selectid.net\/wp-content\/uploads\/2024\/01\/call-out-300x300.webp 300w, https:\/\/selectid.net\/wp-content\/uploads\/2024\/01\/call-out-150x150.webp 150w, https:\/\/selectid.net\/wp-content\/uploads\/2024\/01\/call-out-500x500.webp 500w\" sizes=\"(max-width: 512px) 100vw, 512px\" \/><\/a><\/figure><div class=\"elementor-image-box-content\"><h3 class=\"elementor-image-box-title\"><a href=\"tel:+34643391401\">Kontakt telefoniczny<\/a><\/h3><\/div><\/div>\t\t\t\t<\/div>\n\t\t\t\t<\/div>\n\t\t\t\t\t<\/div>\n\t\t<\/div>\n\t\t\t\t<div class=\"elementor-column elementor-col-33 elementor-inner-column elementor-element elementor-element-b5f625c\" data-id=\"b5f625c\" data-element_type=\"column\" data-e-type=\"column\">\n\t\t\t<div class=\"elementor-widget-wrap elementor-element-populated\">\n\t\t\t\t\t\t<div class=\"elementor-element elementor-element-e51be77 elementor-position-top elementor-widget elementor-widget-image-box\" data-id=\"e51be77\" data-element_type=\"widget\" data-e-type=\"widget\" data-widget_type=\"image-box.default\">\n\t\t\t\t<div class=\"elementor-widget-container\">\n\t\t\t\t\t<div class=\"elementor-image-box-wrapper\"><figure class=\"elementor-image-box-img\"><a href=\"mailto:info@spanishpropertiesre.com\" tabindex=\"-1\"><img loading=\"lazy\" decoding=\"async\" width=\"512\" height=\"512\" src=\"https:\/\/selectid.net\/wp-content\/uploads\/2024\/01\/write.webp\" class=\"attachment-full size-full wp-image-16324\" alt=\"\" srcset=\"https:\/\/selectid.net\/wp-content\/uploads\/2024\/01\/write.webp 512w, https:\/\/selectid.net\/wp-content\/uploads\/2024\/01\/write-300x300.webp 300w, https:\/\/selectid.net\/wp-content\/uploads\/2024\/01\/write-150x150.webp 150w, https:\/\/selectid.net\/wp-content\/uploads\/2024\/01\/write-500x500.webp 500w\" sizes=\"(max-width: 512px) 100vw, 512px\" \/><\/a><\/figure><div class=\"elementor-image-box-content\"><h3 class=\"elementor-image-box-title\"><a href=\"mailto:info@spanishpropertiesre.com\">Wy\u015blij nam wiadomo\u015b\u0107 e-mail<\/a><\/h3><\/div><\/div>\t\t\t\t<\/div>\n\t\t\t\t<\/div>\n\t\t\t\t\t<\/div>\n\t\t<\/div>\n\t\t\t\t\t<\/div>\n\t\t<\/section>\n\t\t\t\t<section class=\"elementor-section elementor-inner-section elementor-element elementor-element-6cf6c96 elementor-section-boxed elementor-section-height-default elementor-section-height-default\" data-id=\"6cf6c96\" data-element_type=\"section\" data-e-type=\"section\">\n\t\t\t\t\t\t<div class=\"elementor-container elementor-column-gap-default\">\n\t\t\t\t\t<div class=\"elementor-column elementor-col-100 elementor-inner-column elementor-element elementor-element-35a9c71\" data-id=\"35a9c71\" data-element_type=\"column\" data-e-type=\"column\" data-settings=\"{&quot;background_background&quot;:&quot;classic&quot;}\">\n\t\t\t<div class=\"elementor-widget-wrap elementor-element-populated\">\n\t\t\t\t\t\t<div class=\"elementor-element elementor-element-a09f2c3 elementor-widget elementor-widget-heading\" data-id=\"a09f2c3\" data-element_type=\"widget\" data-e-type=\"widget\" data-widget_type=\"heading.default\">\n\t\t\t\t<div class=\"elementor-widget-container\">\n\t\t\t\t\t<h2 class=\"elementor-heading-title elementor-size-default\">Nasza lokalizacja<\/h2>\t\t\t\t<\/div>\n\t\t\t\t<\/div>\n\t\t\t\t<div class=\"elementor-element elementor-element-70c8b7c elementor-widget elementor-widget-html\" data-id=\"70c8b7c\" data-element_type=\"widget\" data-e-type=\"widget\" data-widget_type=\"html.default\">\n\t\t\t\t<div class=\"elementor-widget-container\">\n\t\t\t\t\t<iframe src=\"https:\/\/www.google.com\/maps\/embed?pb=!1m18!1m12!1m3!1d1760.1908078080387!2d-16.673206748232307!3d28.07390022693452!2m3!1f0!2f0!3f0!3m2!1i1024!2i768!4f13.1!3m3!1m2!1s0xc6a990910a26bc9%3A0xb76ff0792305b128!2sTF-657%2C%20111%2C%2038627%20Arona%2C%20Santa%20Cruz%20de%20Tenerife!5e0!3m2!1ses!2ses!4v1706269593466!5m2!1ses!2ses\" width=\"400\" height=\"300\" style=\"border:0;\" allowfullscreen=\"\" loading=\"lazy\" referrerpolicy=\"no-referrer-when-downgrade\"><\/iframe>\t\t\t\t<\/div>\n\t\t\t\t<\/div>\n\t\t\t\t\t<\/div>\n\t\t<\/div>\n\t\t\t\t\t<\/div>\n\t\t<\/section>\n\t\t\t\t\t<\/div>\n\t\t<\/div>\n\t\t\t\t\t<\/div>\n\t\t<\/section>\n\t\t\t\t<\/div>","protected":false},"excerpt":{"rendered":"<p>Umberto Sindona Nicolas Real Estate Broker Nuestros servicios A\u00f1adir mi contacto Ver todas las propiedades Visita nuestro website Cont\u00e1ctanos Contactar por WhatsApp Contact por tel\u00e9fono Env\u00edanos un email Nuestra ubicaci\u00f3n<\/p>","protected":false},"author":1,"featured_media":16391,"parent":0,"menu_order":0,"comment_status":"closed","ping_status":"closed","template":"elementor_canvas","meta":{"site-sidebar-layout":"no-sidebar","site-content-layout":"page-builder","ast-site-content-layout":"default","site-content-style":"default","site-sidebar-style":"default","ast-global-header-display":"","ast-banner-title-visibility":"","ast-main-header-display":"","ast-hfb-above-header-display":"","ast-hfb-below-header-display":"","ast-hfb-mobile-header-display":"","site-post-title":"disabled","ast-breadcrumbs-content":"","ast-featured-img":"disabled","footer-sml-layout":"","ast-disable-related-posts":"","theme-transparent-header-meta":"","adv-header-id-meta":"","stick-header-meta":"","header-above-stick-meta":"","header-main-stick-meta":"","header-below-stick-meta":"","astra-migrate-meta-layouts":"default","ast-page-background-enabled":"default","ast-page-background-meta":{"desktop":{"background-color":"var(--ast-global-color-4)","background-image":"","background-repeat":"repeat","background-position":"center center","background-size":"auto","background-attachment":"scroll","background-type":"","background-media":"","overlay-type":"","overlay-color":"","overlay-opacity":"","overlay-gradient":""},"tablet":{"background-color":"","background-image":"","background-repeat":"repeat","background-position":"center center","background-size":"auto","background-attachment":"scroll","background-type":"","background-media":"","overlay-type":"","overlay-color":"","overlay-opacity":"","overlay-gradient":""},"mobile":{"background-color":"","background-image":"","background-repeat":"repeat","background-position":"center center","background-size":"auto","background-attachment":"scroll","background-type":"","background-media":"","overlay-type":"","overlay-color":"","overlay-opacity":"","overlay-gradient":""}},"ast-content-background-meta":{"desktop":{"background-color":"var(--ast-global-color-5)","background-image":"","background-repeat":"repeat","background-position":"center center","background-size":"auto","background-attachment":"scroll","background-type":"","background-media":"","overlay-type":"","overlay-color":"","overlay-opacity":"","overlay-gradient":""},"tablet":{"background-color":"var(--ast-global-color-5)","background-image":"","background-repeat":"repeat","background-position":"center center","background-size":"auto","background-attachment":"scroll","background-type":"","background-media":"","overlay-type":"","overlay-color":"","overlay-opacity":"","overlay-gradient":""},"mobile":{"background-color":"var(--ast-global-color-5)","background-image":"","background-repeat":"repeat","background-position":"center center","background-size":"auto","background-attachment":"scroll","background-type":"","background-media":"","overlay-type":"","overlay-color":"","overlay-opacity":"","overlay-gradient":""}},"footnotes":""},"class_list":["post-15796","page","type-page","status-publish","has-post-thumbnail","hentry"],"_links":{"self":[{"href":"https:\/\/selectid.net\/pl\/wp-json\/wp\/v2\/pages\/15796","targetHints":{"allow":["GET"]}}],"collection":[{"href":"https:\/\/selectid.net\/pl\/wp-json\/wp\/v2\/pages"}],"about":[{"href":"https:\/\/selectid.net\/pl\/wp-json\/wp\/v2\/types\/page"}],"author":[{"embeddable":true,"href":"https:\/\/selectid.net\/pl\/wp-json\/wp\/v2\/users\/1"}],"replies":[{"embeddable":true,"href":"https:\/\/selectid.net\/pl\/wp-json\/wp\/v2\/comments?post=15796"}],"version-history":[{"count":8,"href":"https:\/\/selectid.net\/pl\/wp-json\/wp\/v2\/pages\/15796\/revisions"}],"predecessor-version":[{"id":16406,"href":"https:\/\/selectid.net\/pl\/wp-json\/wp\/v2\/pages\/15796\/revisions\/16406"}],"wp:featuredmedia":[{"embeddable":true,"href":"https:\/\/selectid.net\/pl\/wp-json\/wp\/v2\/media\/16391"}],"wp:attachment":[{"href":"https:\/\/selectid.net\/pl\/wp-json\/wp\/v2\/media?parent=15796"}],"curies":[{"name":"wp","href":"https:\/\/api.w.org\/{rel}","templated":true}]}}