{"id":17325,"date":"2024-11-13T14:34:06","date_gmt":"2024-11-13T14:34:06","guid":{"rendered":"https:\/\/selectid.net\/inmoparis-philippe\/"},"modified":"2024-11-18T10:08:47","modified_gmt":"2024-11-18T10:08:47","slug":"inmoparis-philippe","status":"publish","type":"page","link":"https:\/\/selectid.net\/pt\/inmoparis-philippe\/","title":{"rendered":"InmoParis &#8211; Philippe"},"content":{"rendered":"<div data-elementor-type=\"wp-page\" data-elementor-id=\"17325\" class=\"elementor elementor-17325\" data-elementor-post-type=\"page\">\n\t\t\t\t\t\t<section class=\"elementor-section elementor-top-section elementor-element elementor-element-7ba4ae8 elementor-section-height-min-height elementor-section-content-middle elementor-section-boxed elementor-section-height-default elementor-section-items-middle\" data-id=\"7ba4ae8\" data-element_type=\"section\" data-e-type=\"section\" data-settings=\"{&quot;background_background&quot;:&quot;classic&quot;}\">\n\t\t\t\t\t\t\t<div class=\"elementor-background-overlay\"><\/div>\n\t\t\t\t\t\t\t<div class=\"elementor-container elementor-column-gap-default\">\n\t\t\t\t\t<div class=\"elementor-column elementor-col-100 elementor-top-column elementor-element elementor-element-00cbe7c elementor-invisible\" data-id=\"00cbe7c\" data-element_type=\"column\" data-e-type=\"column\" data-settings=\"{&quot;background_background&quot;:&quot;classic&quot;,&quot;animation&quot;:&quot;pulse&quot;}\">\n\t\t\t<div class=\"elementor-widget-wrap elementor-element-populated\">\n\t\t\t\t\t\t<div class=\"elementor-element elementor-element-3d51408 elementor-position-top elementor-widget elementor-widget-image-box\" data-id=\"3d51408\" data-element_type=\"widget\" data-e-type=\"widget\" data-widget_type=\"image-box.default\">\n\t\t\t\t<div class=\"elementor-widget-container\">\n\t\t\t\t\t<div class=\"elementor-image-box-wrapper\"><figure class=\"elementor-image-box-img\"><img decoding=\"async\" src=\"https:\/\/inmoparis.com\/wp-content\/uploads\/2023\/06\/Philippe-con-fondo-300x300.webp\" title=\"\" alt=\"\" loading=\"lazy\" \/><\/figure><div class=\"elementor-image-box-content\"><h3 class=\"elementor-image-box-title\">Philippe Auguin<\/h3><p class=\"elementor-image-box-description\">InmoParis<\/p><\/div><\/div>\t\t\t\t<\/div>\n\t\t\t\t<\/div>\n\t\t\t\t<div class=\"elementor-element elementor-element-f8162b8 elementor-widget elementor-widget-heading\" data-id=\"f8162b8\" data-element_type=\"widget\" data-e-type=\"widget\" data-widget_type=\"heading.default\">\n\t\t\t\t<div class=\"elementor-widget-container\">\n\t\t\t\t\t<h2 class=\"elementor-heading-title elementor-size-default\">Os nossos servi\u00e7os<\/h2>\t\t\t\t<\/div>\n\t\t\t\t<\/div>\n\t\t\t\t<section class=\"elementor-section elementor-inner-section elementor-element elementor-element-d1454c2 elementor-section-boxed elementor-section-height-default elementor-section-height-default\" data-id=\"d1454c2\" data-element_type=\"section\" data-e-type=\"section\">\n\t\t\t\t\t\t<div class=\"elementor-container elementor-column-gap-default\">\n\t\t\t\t\t<div class=\"elementor-column elementor-col-33 elementor-inner-column elementor-element elementor-element-779282b\" data-id=\"779282b\" data-element_type=\"column\" data-e-type=\"column\">\n\t\t\t<div class=\"elementor-widget-wrap elementor-element-populated\">\n\t\t\t\t\t\t<div class=\"elementor-element elementor-element-11b5016 elementor-position-top elementor-widget elementor-widget-image-box\" data-id=\"11b5016\" data-element_type=\"widget\" data-e-type=\"widget\" data-widget_type=\"image-box.default\">\n\t\t\t\t<div class=\"elementor-widget-container\">\n\t\t\t\t\t<div class=\"elementor-image-box-wrapper\"><figure class=\"elementor-image-box-img\"><a href=\"https:\/\/drive.usercontent.google.com\/u\/0\/uc?id=1-QoEb88Bn9WWQIAqNdlSJ9RGqjrPOX3F&#038;export=download\" tabindex=\"-1\" target=\"_blank\" rel=\"noopener\"><img fetchpriority=\"high\" decoding=\"async\" width=\"512\" height=\"512\" src=\"https:\/\/selectid.net\/wp-content\/uploads\/2024\/01\/business-card-design.webp\" class=\"attachment-full size-full wp-image-16296\" alt=\"\" srcset=\"https:\/\/selectid.net\/wp-content\/uploads\/2024\/01\/business-card-design.webp 512w, https:\/\/selectid.net\/wp-content\/uploads\/2024\/01\/business-card-design-300x300.webp 300w, https:\/\/selectid.net\/wp-content\/uploads\/2024\/01\/business-card-design-150x150.webp 150w, https:\/\/selectid.net\/wp-content\/uploads\/2024\/01\/business-card-design-500x500.webp 500w\" sizes=\"(max-width: 512px) 100vw, 512px\" \/><\/a><\/figure><div class=\"elementor-image-box-content\"><h3 class=\"elementor-image-box-title\"><a href=\"https:\/\/drive.usercontent.google.com\/u\/0\/uc?id=1-QoEb88Bn9WWQIAqNdlSJ9RGqjrPOX3F&#038;export=download\" target=\"_blank\" rel=\"noopener\">Adicionar o meu contacto<\/a><\/h3><\/div><\/div>\t\t\t\t<\/div>\n\t\t\t\t<\/div>\n\t\t\t\t\t<\/div>\n\t\t<\/div>\n\t\t\t\t<div class=\"elementor-column elementor-col-33 elementor-inner-column elementor-element elementor-element-0bc24cd\" data-id=\"0bc24cd\" data-element_type=\"column\" data-e-type=\"column\">\n\t\t\t<div class=\"elementor-widget-wrap elementor-element-populated\">\n\t\t\t\t\t\t<div class=\"elementor-element elementor-element-530e4a9 elementor-position-top elementor-widget elementor-widget-image-box\" data-id=\"530e4a9\" data-element_type=\"widget\" data-e-type=\"widget\" data-widget_type=\"image-box.default\">\n\t\t\t\t<div class=\"elementor-widget-container\">\n\t\t\t\t\t<div class=\"elementor-image-box-wrapper\"><figure class=\"elementor-image-box-img\"><a href=\"https:\/\/inmoparis.com\/mapa-de-propiedades\/\" tabindex=\"-1\" target=\"_blank\" rel=\"noopener\"><img decoding=\"async\" width=\"512\" height=\"512\" src=\"https:\/\/selectid.net\/wp-content\/uploads\/2024\/01\/new-house.webp\" class=\"attachment-full size-full wp-image-16280\" alt=\"\" srcset=\"https:\/\/selectid.net\/wp-content\/uploads\/2024\/01\/new-house.webp 512w, https:\/\/selectid.net\/wp-content\/uploads\/2024\/01\/new-house-300x300.webp 300w, https:\/\/selectid.net\/wp-content\/uploads\/2024\/01\/new-house-150x150.webp 150w, https:\/\/selectid.net\/wp-content\/uploads\/2024\/01\/new-house-500x500.webp 500w\" sizes=\"(max-width: 512px) 100vw, 512px\" \/><\/a><\/figure><div class=\"elementor-image-box-content\"><h3 class=\"elementor-image-box-title\"><a href=\"https:\/\/inmoparis.com\/mapa-de-propiedades\/\" target=\"_blank\" rel=\"noopener\">Ver todos os im\u00f3veis<\/a><\/h3><\/div><\/div>\t\t\t\t<\/div>\n\t\t\t\t<\/div>\n\t\t\t\t\t<\/div>\n\t\t<\/div>\n\t\t\t\t<div class=\"elementor-column elementor-col-33 elementor-inner-column elementor-element elementor-element-9132db9\" data-id=\"9132db9\" data-element_type=\"column\" data-e-type=\"column\">\n\t\t\t<div class=\"elementor-widget-wrap elementor-element-populated\">\n\t\t\t\t\t\t<div class=\"elementor-element elementor-element-daaa5e3 elementor-position-top elementor-widget elementor-widget-image-box\" data-id=\"daaa5e3\" data-element_type=\"widget\" data-e-type=\"widget\" data-widget_type=\"image-box.default\">\n\t\t\t\t<div class=\"elementor-widget-container\">\n\t\t\t\t\t<div class=\"elementor-image-box-wrapper\"><figure class=\"elementor-image-box-img\"><a href=\"https:\/\/inmoparis.com\/\" tabindex=\"-1\" target=\"_blank\" rel=\"noopener\"><img decoding=\"async\" width=\"512\" height=\"512\" src=\"https:\/\/selectid.net\/wp-content\/uploads\/2024\/01\/browser.webp\" class=\"attachment-full size-full wp-image-16288\" alt=\"\" srcset=\"https:\/\/selectid.net\/wp-content\/uploads\/2024\/01\/browser.webp 512w, https:\/\/selectid.net\/wp-content\/uploads\/2024\/01\/browser-300x300.webp 300w, https:\/\/selectid.net\/wp-content\/uploads\/2024\/01\/browser-150x150.webp 150w, https:\/\/selectid.net\/wp-content\/uploads\/2024\/01\/browser-500x500.webp 500w\" sizes=\"(max-width: 512px) 100vw, 512px\" \/><\/a><\/figure><div class=\"elementor-image-box-content\"><h3 class=\"elementor-image-box-title\"><a href=\"https:\/\/inmoparis.com\/\" target=\"_blank\" rel=\"noopener\">Visite o nosso s\u00edtio Web<\/a><\/h3><\/div><\/div>\t\t\t\t<\/div>\n\t\t\t\t<\/div>\n\t\t\t\t\t<\/div>\n\t\t<\/div>\n\t\t\t\t\t<\/div>\n\t\t<\/section>\n\t\t\t\t<div class=\"elementor-element elementor-element-50dda23 elementor-widget elementor-widget-heading\" data-id=\"50dda23\" data-element_type=\"widget\" data-e-type=\"widget\" data-widget_type=\"heading.default\">\n\t\t\t\t<div class=\"elementor-widget-container\">\n\t\t\t\t\t<h2 class=\"elementor-heading-title elementor-size-default\">Contacte-nos em<\/h2>\t\t\t\t<\/div>\n\t\t\t\t<\/div>\n\t\t\t\t<section class=\"elementor-section elementor-inner-section elementor-element elementor-element-06f6eb1 elementor-section-boxed elementor-section-height-default elementor-section-height-default\" data-id=\"06f6eb1\" data-element_type=\"section\" data-e-type=\"section\">\n\t\t\t\t\t\t<div class=\"elementor-container elementor-column-gap-default\">\n\t\t\t\t\t<div class=\"elementor-column elementor-col-33 elementor-inner-column elementor-element elementor-element-a50ea1e\" data-id=\"a50ea1e\" data-element_type=\"column\" data-e-type=\"column\">\n\t\t\t<div class=\"elementor-widget-wrap elementor-element-populated\">\n\t\t\t\t\t\t<div class=\"elementor-element elementor-element-9e3c147 elementor-position-top elementor-widget elementor-widget-image-box\" data-id=\"9e3c147\" data-element_type=\"widget\" data-e-type=\"widget\" data-widget_type=\"image-box.default\">\n\t\t\t\t<div class=\"elementor-widget-container\">\n\t\t\t\t\t<div class=\"elementor-image-box-wrapper\"><figure class=\"elementor-image-box-img\"><a href=\"https:\/\/wa.me\/34670267173\" tabindex=\"-1\" target=\"_blank\" rel=\"noopener\"><img loading=\"lazy\" decoding=\"async\" width=\"512\" height=\"512\" src=\"https:\/\/selectid.net\/wp-content\/uploads\/2024\/01\/whatsapp.webp\" class=\"attachment-full size-full wp-image-16316\" alt=\"\" srcset=\"https:\/\/selectid.net\/wp-content\/uploads\/2024\/01\/whatsapp.webp 512w, https:\/\/selectid.net\/wp-content\/uploads\/2024\/01\/whatsapp-300x300.webp 300w, https:\/\/selectid.net\/wp-content\/uploads\/2024\/01\/whatsapp-150x150.webp 150w, https:\/\/selectid.net\/wp-content\/uploads\/2024\/01\/whatsapp-500x500.webp 500w\" sizes=\"(max-width: 512px) 100vw, 512px\" \/><\/a><\/figure><div class=\"elementor-image-box-content\"><h3 class=\"elementor-image-box-title\"><a href=\"https:\/\/wa.me\/34670267173\" target=\"_blank\" rel=\"noopener\">Contacto por WhatsApp<\/a><\/h3><\/div><\/div>\t\t\t\t<\/div>\n\t\t\t\t<\/div>\n\t\t\t\t\t<\/div>\n\t\t<\/div>\n\t\t\t\t<div class=\"elementor-column elementor-col-33 elementor-inner-column elementor-element elementor-element-4837aee\" data-id=\"4837aee\" data-element_type=\"column\" data-e-type=\"column\">\n\t\t\t<div class=\"elementor-widget-wrap elementor-element-populated\">\n\t\t\t\t\t\t<div class=\"elementor-element elementor-element-7bf18f5 elementor-position-top elementor-widget elementor-widget-image-box\" data-id=\"7bf18f5\" data-element_type=\"widget\" data-e-type=\"widget\" data-widget_type=\"image-box.default\">\n\t\t\t\t<div class=\"elementor-widget-container\">\n\t\t\t\t\t<div class=\"elementor-image-box-wrapper\"><figure class=\"elementor-image-box-img\"><a href=\"tel:+34922791589\" tabindex=\"-1\"><img loading=\"lazy\" decoding=\"async\" width=\"512\" height=\"512\" src=\"https:\/\/selectid.net\/wp-content\/uploads\/2024\/01\/call-out.webp\" class=\"attachment-full size-full wp-image-16308\" alt=\"\" srcset=\"https:\/\/selectid.net\/wp-content\/uploads\/2024\/01\/call-out.webp 512w, https:\/\/selectid.net\/wp-content\/uploads\/2024\/01\/call-out-300x300.webp 300w, https:\/\/selectid.net\/wp-content\/uploads\/2024\/01\/call-out-150x150.webp 150w, https:\/\/selectid.net\/wp-content\/uploads\/2024\/01\/call-out-500x500.webp 500w\" sizes=\"(max-width: 512px) 100vw, 512px\" \/><\/a><\/figure><div class=\"elementor-image-box-content\"><h3 class=\"elementor-image-box-title\"><a href=\"tel:+34922791589\">Contactar por tel\u00e9fono<\/a><\/h3><\/div><\/div>\t\t\t\t<\/div>\n\t\t\t\t<\/div>\n\t\t\t\t\t<\/div>\n\t\t<\/div>\n\t\t\t\t<div class=\"elementor-column elementor-col-33 elementor-inner-column elementor-element elementor-element-efe8c1b\" data-id=\"efe8c1b\" data-element_type=\"column\" data-e-type=\"column\">\n\t\t\t<div class=\"elementor-widget-wrap elementor-element-populated\">\n\t\t\t\t\t\t<div class=\"elementor-element elementor-element-eb3e8ef elementor-position-top elementor-widget elementor-widget-image-box\" data-id=\"eb3e8ef\" data-element_type=\"widget\" data-e-type=\"widget\" data-widget_type=\"image-box.default\">\n\t\t\t\t<div class=\"elementor-widget-container\">\n\t\t\t\t\t<div class=\"elementor-image-box-wrapper\"><figure class=\"elementor-image-box-img\"><a href=\"mailto:info@inmoparis.com\" tabindex=\"-1\"><img loading=\"lazy\" decoding=\"async\" width=\"512\" height=\"512\" src=\"https:\/\/selectid.net\/wp-content\/uploads\/2024\/01\/write.webp\" class=\"attachment-full size-full wp-image-16324\" alt=\"\" srcset=\"https:\/\/selectid.net\/wp-content\/uploads\/2024\/01\/write.webp 512w, https:\/\/selectid.net\/wp-content\/uploads\/2024\/01\/write-300x300.webp 300w, https:\/\/selectid.net\/wp-content\/uploads\/2024\/01\/write-150x150.webp 150w, https:\/\/selectid.net\/wp-content\/uploads\/2024\/01\/write-500x500.webp 500w\" sizes=\"(max-width: 512px) 100vw, 512px\" \/><\/a><\/figure><div class=\"elementor-image-box-content\"><h3 class=\"elementor-image-box-title\"><a href=\"mailto:info@inmoparis.com\">Enviar-nos uma mensagem de correio eletr\u00f3nico<\/a><\/h3><\/div><\/div>\t\t\t\t<\/div>\n\t\t\t\t<\/div>\n\t\t\t\t\t<\/div>\n\t\t<\/div>\n\t\t\t\t\t<\/div>\n\t\t<\/section>\n\t\t\t\t<section class=\"elementor-section elementor-inner-section elementor-element elementor-element-76d82ae elementor-section-boxed elementor-section-height-default elementor-section-height-default\" data-id=\"76d82ae\" data-element_type=\"section\" data-e-type=\"section\">\n\t\t\t\t\t\t<div class=\"elementor-container elementor-column-gap-default\">\n\t\t\t\t\t<div class=\"elementor-column elementor-col-100 elementor-inner-column elementor-element elementor-element-3746bf5\" data-id=\"3746bf5\" data-element_type=\"column\" data-e-type=\"column\" data-settings=\"{&quot;background_background&quot;:&quot;classic&quot;}\">\n\t\t\t<div class=\"elementor-widget-wrap elementor-element-populated\">\n\t\t\t\t\t\t<div class=\"elementor-element elementor-element-5ed4cc3 elementor-widget elementor-widget-heading\" data-id=\"5ed4cc3\" data-element_type=\"widget\" data-e-type=\"widget\" data-widget_type=\"heading.default\">\n\t\t\t\t<div class=\"elementor-widget-container\">\n\t\t\t\t\t<h2 class=\"elementor-heading-title elementor-size-default\">A nossa localiza\u00e7\u00e3o<\/h2>\t\t\t\t<\/div>\n\t\t\t\t<\/div>\n\t\t\t\t<div class=\"elementor-element elementor-element-aec59f8 elementor-widget elementor-widget-html\" data-id=\"aec59f8\" data-element_type=\"widget\" data-e-type=\"widget\" data-widget_type=\"html.default\">\n\t\t\t\t<div class=\"elementor-widget-container\">\n\t\t\t\t\t<iframe src=\"https:\/\/www.google.com\/maps\/embed?pb=!1m18!1m12!1m3!1d4213.278733233287!2d-16.735908523969496!3d28.055055610069!2m3!1f0!2f0!3f0!3m2!1i1024!2i768!4f13.1!3m3!1m2!1s0xc6a977761a7917d%3A0x15069b08be724256!2sParque%20Santiago%20III%20Official!5e1!3m2!1ses!2ses!4v1731434593168!5m2!1ses!2ses\" width=\"400\" height=\"300\" style=\"border:0;\" allowfullscreen=\"\" loading=\"lazy\" referrerpolicy=\"no-referrer-when-downgrade\"><\/iframe>\t\t\t\t<\/div>\n\t\t\t\t<\/div>\n\t\t\t\t\t<\/div>\n\t\t<\/div>\n\t\t\t\t\t<\/div>\n\t\t<\/section>\n\t\t\t\t\t<\/div>\n\t\t<\/div>\n\t\t\t\t\t<\/div>\n\t\t<\/section>\n\t\t\t\t<\/div>","protected":false},"excerpt":{"rendered":"<p>Philippe Auguin InmoParis Nuestros servicios A\u00f1adir mi contacto Ver todas las propiedades Visita nuestro website Cont\u00e1ctanos Contactar por WhatsApp Contactar por tel\u00e9fono Env\u00edanos un email Nuestra ubicaci\u00f3n<\/p>","protected":false},"author":1,"featured_media":17318,"parent":0,"menu_order":0,"comment_status":"closed","ping_status":"closed","template":"elementor_canvas","meta":{"site-sidebar-layout":"no-sidebar","site-content-layout":"page-builder","ast-site-content-layout":"full-width-container","site-content-style":"default","site-sidebar-style":"default","ast-global-header-display":"","ast-banner-title-visibility":"","ast-main-header-display":"","ast-hfb-above-header-display":"","ast-hfb-below-header-display":"","ast-hfb-mobile-header-display":"","site-post-title":"disabled","ast-breadcrumbs-content":"","ast-featured-img":"disabled","footer-sml-layout":"","ast-disable-related-posts":"","theme-transparent-header-meta":"","adv-header-id-meta":"","stick-header-meta":"","header-above-stick-meta":"","header-main-stick-meta":"","header-below-stick-meta":"","astra-migrate-meta-layouts":"default","ast-page-background-enabled":"default","ast-page-background-meta":{"desktop":{"background-color":"var(--ast-global-color-4)","background-image":"","background-repeat":"repeat","background-position":"center center","background-size":"auto","background-attachment":"scroll","background-type":"","background-media":"","overlay-type":"","overlay-color":"","overlay-opacity":"","overlay-gradient":""},"tablet":{"background-color":"","background-image":"","background-repeat":"repeat","background-position":"center center","background-size":"auto","background-attachment":"scroll","background-type":"","background-media":"","overlay-type":"","overlay-color":"","overlay-opacity":"","overlay-gradient":""},"mobile":{"background-color":"","background-image":"","background-repeat":"repeat","background-position":"center center","background-size":"auto","background-attachment":"scroll","background-type":"","background-media":"","overlay-type":"","overlay-color":"","overlay-opacity":"","overlay-gradient":""}},"ast-content-background-meta":{"desktop":{"background-color":"var(--ast-global-color-5)","background-image":"","background-repeat":"repeat","background-position":"center center","background-size":"auto","background-attachment":"scroll","background-type":"","background-media":"","overlay-type":"","overlay-color":"","overlay-opacity":"","overlay-gradient":""},"tablet":{"background-color":"var(--ast-global-color-5)","background-image":"","background-repeat":"repeat","background-position":"center center","background-size":"auto","background-attachment":"scroll","background-type":"","background-media":"","overlay-type":"","overlay-color":"","overlay-opacity":"","overlay-gradient":""},"mobile":{"background-color":"var(--ast-global-color-5)","background-image":"","background-repeat":"repeat","background-position":"center center","background-size":"auto","background-attachment":"scroll","background-type":"","background-media":"","overlay-type":"","overlay-color":"","overlay-opacity":"","overlay-gradient":""}},"footnotes":""},"class_list":["post-17325","page","type-page","status-publish","has-post-thumbnail","hentry"],"_links":{"self":[{"href":"https:\/\/selectid.net\/pt\/wp-json\/wp\/v2\/pages\/17325","targetHints":{"allow":["GET"]}}],"collection":[{"href":"https:\/\/selectid.net\/pt\/wp-json\/wp\/v2\/pages"}],"about":[{"href":"https:\/\/selectid.net\/pt\/wp-json\/wp\/v2\/types\/page"}],"author":[{"embeddable":true,"href":"https:\/\/selectid.net\/pt\/wp-json\/wp\/v2\/users\/1"}],"replies":[{"embeddable":true,"href":"https:\/\/selectid.net\/pt\/wp-json\/wp\/v2\/comments?post=17325"}],"version-history":[{"count":13,"href":"https:\/\/selectid.net\/pt\/wp-json\/wp\/v2\/pages\/17325\/revisions"}],"predecessor-version":[{"id":17425,"href":"https:\/\/selectid.net\/pt\/wp-json\/wp\/v2\/pages\/17325\/revisions\/17425"}],"wp:featuredmedia":[{"embeddable":true,"href":"https:\/\/selectid.net\/pt\/wp-json\/wp\/v2\/media\/17318"}],"wp:attachment":[{"href":"https:\/\/selectid.net\/pt\/wp-json\/wp\/v2\/media?parent=17325"}],"curies":[{"name":"wp","href":"https:\/\/api.w.org\/{rel}","templated":true}]}}